{"id":1486,"date":"2026-01-20T12:11:11","date_gmt":"2026-01-20T12:11:11","guid":{"rendered":"https:\/\/bonuskongcasino.com\/login-and-registration\/"},"modified":"2026-03-04T09:07:25","modified_gmt":"2026-03-04T09:07:25","slug":"logowanie-i-rejestracja","status":"publish","type":"page","link":"https:\/\/thethorfortune.com\/pl\/logowanie-i-rejestracja\/","title":{"rendered":"Logowanie i rejestracja"},"content":{"rendered":"<h1>Logowanie i rejestracja konta Thorfortune<\/h1>\n<p>Zako\u0144czenie procesu logowania do Thorfortune zapewnia pe\u0142ny dost\u0119p do naszej platformy i odblokowuje wszystkie podstawowe funkcje konta. Bez rejestracji dost\u0119p jest ograniczony do wybranych tytu\u0142\u00f3w demo i stron z og\u00f3lnymi informacjami. Po utworzeniu konta u\u017cytkownicy mog\u0105 zarz\u0105dza\u0107 wp\u0142atami, aktywowa\u0107 bonusy, kontaktowa\u0107 si\u0119 z naszym zespo\u0142em pomocy technicznej i uzyska\u0107 dost\u0119p do pe\u0142nego katalogu gier za po\u015brednictwem bezpiecznego profilu.<\/p>\n<p><div class=\"banner-wrap\" aria-label=\"Banner\"><img src=\"https:\/\/thethorfortune.com\/wp-content\/uploads\/2026\/03\/Thorfortune-bnr-pc.webp\" class=\"w-100 d-none d-lg-block img-pc main-banner-img\" alt=\"Thorfortune banner pc\" fetchpriority=\"high\" decoding=\"async\"><img src=\"https:\/\/thethorfortune.com\/wp-content\/uploads\/2026\/03\/thorfortune-banner-mobile.webp\" class=\"w-100 d-none d-md-block d-lg-none main-banner-img\" alt=\"thorfortune banner mobile\" fetchpriority=\"high\" decoding=\"async\"><img src=\"https:\/\/thethorfortune.com\/wp-content\/uploads\/2026\/03\/thorfortune-banner-mobile.webp\" class=\"w-100 d-md-none\" alt=\"thorfortune banner mobile\" fetchpriority=\"high\" decoding=\"async\"><div class=\"banner-description\">\n<div class=\"banner-title\">Bonusy powitalne<\/div>\n<p class=\"banner-header-title\">1500 \u20ac<\/p>\n<div class=\"banner-header-AdditionalText\">+ 250 Darmowe spiny<\/div>\n<button data-item=\"homepage_banner_link\" class=\"goto m-button m-gradient-border m-button--primary m-button--large banner-button btn-orange\">\n            <div class=\"m-button-content\">\n                <span>Zarejestruj si\u0119 teraz<\/span>\n                <span><\/span>\n            <\/div>\n        <\/button>\n<\/div>\n<div class=\"WelcomePack\">\n<p><img loading=\"lazy\" decoding=\"async\" class=\"alignnone size-full wp-image-1848\" src=\"https:\/\/thethorfortune.com\/wp-content\/uploads\/2026\/03\/welcome-crown.png\" alt=\"welcome crown\" width=\"25\" height=\"26\" \/><\/p>\n<div class=\"WelcomePack-Info\">Cotygodniowy zwrot got\u00f3wki do 25%<\/div>\n<p><img loading=\"lazy\" decoding=\"async\" class=\"alignnone size-full wp-image-1848\" src=\"https:\/\/thethorfortune.com\/wp-content\/uploads\/2026\/03\/welcome-crown.png\" alt=\"welcome crown\" width=\"25\" height=\"26\" \/><\/p>\n<\/div>\n<\/div><div class=\"scrollable-content-wrap my-5\"><div class=\"scrollable-content-inner\"><h2>Co zapewnia rejestracja w kasynie Thorfortune<\/h2>\n<p>Za\u0142o\u017cenie konta w Thorfortune Casino umo\u017cliwia u\u017cytkownikom w wieku powy\u017cej 18 lat przej\u015bcie z trybu demo do gry na prawdziwe pieni\u0105dze. Rejestracja zapewnia graczowi dost\u0119p do pe\u0142nego \u015brodowiska kasyna online, w tym automat\u00f3w online, gier kasynowych na \u017cywo, aktywacji bonus\u00f3w i zarz\u0105dzania transakcjami.<\/p>\n<p>Aktywny profil umo\u017cliwia u\u017cytkownikom:<\/p>\n<ul>\n<li>Wp\u0142acaj i wyp\u0142acaj \u015brodki za po\u015brednictwem kasjera<\/li>\n<li>\u015aled\u017a bonusy i post\u0119py w obstawianiu<\/li>\n<li>Dost\u0119p do kampanii promocyjnych<\/li>\n<li>Skontaktuj si\u0119 z naszym zespo\u0142em pomocy technicznej za po\u015brednictwem czatu na \u017cywo lub poczty elektronicznej.<\/li>\n<li>Zarz\u0105dzaj ustawieniami osobistymi i narz\u0119dziami bezpiecze\u0144stwa<\/li>\n<\/ul>\n<p>Ka\u017cdy u\u017cytkownik mo\u017ce posiada\u0107 jedno konto. Polityka ta zapewnia przejrzysto\u015b\u0107 rejestr\u00f3w transakcji, dok\u0142adne \u015bledzenie bonus\u00f3w oraz prawid\u0142owe przeprowadzenie procesu weryfikacji w razie potrzeby.<\/p>\n<h3>Przewodnik krok po kroku dotycz\u0105cy rejestracji<\/h3>\n<p>Rejestracja konta w Thorfortune Casino zajmuje tylko kilka minut. W pierwszym etapie wymagamy podania adresu e-mail i bezpiecznego has\u0142a. Dodatkowe informacje o profilu mo\u017cna poda\u0107 po zalogowaniu si\u0119 na pulpicie nawigacyjnym konta.<\/p>\n<p>Aby zarejestrowa\u0107 konto:<\/p>\n<ol>\n<li>Otw\u00f3rz stron\u0119 g\u0142\u00f3wn\u0105 kasyna Thorfortune.<\/li>\n<li>Wybierz opcj\u0119 rejestracji znajduj\u0105c\u0105 si\u0119 w g\u0142\u00f3wnym interfejsie.<\/li>\n<li>Wpisz sw\u00f3j adres e-mail i utw\u00f3rz silne has\u0142o, u\u017cywaj\u0105c kombinacji znak\u00f3w.<\/li>\n<li>Je\u015bli masz kod promocyjny, u\u017cyj go.<\/li>\n<li>Potwierd\u017a sw\u00f3j wiek i zaakceptuj warunki korzystania z platformy.<\/li>\n<li>Zako\u0144cz proces aktywacji swojego profilu.<\/li>\n<\/ol>\n<p>Wszystkie informacje podane podczas rejestracji musz\u0105 by\u0107 prawdziwe. Przed pierwsz\u0105 wyp\u0142at\u0105, proces weryfikacji wymaga potwierdzenia to\u017csamo\u015bci i w\u0142asno\u015bci p\u0142atno\u015bci. Podanie poprawnych danych od samego pocz\u0105tku zapewnia p\u0142ynn\u0105 weryfikacj\u0119 konta.<\/p>\n<p><img loading=\"lazy\" decoding=\"async\" class=\"alignnone size-full wp-image-2032\" src=\"https:\/\/thethorfortune.com\/wp-content\/uploads\/2026\/03\/Thorfortune-login-page.webp\" alt=\"Thorfortune login page\" width=\"1248\" height=\"536\" srcset=\"https:\/\/thethorfortune.com\/wp-content\/uploads\/2026\/03\/Thorfortune-login-page.webp 1248w, https:\/\/thethorfortune.com\/wp-content\/uploads\/2026\/03\/Thorfortune-login-page-300x129.webp 300w, https:\/\/thethorfortune.com\/wp-content\/uploads\/2026\/03\/Thorfortune-login-page-1024x440.webp 1024w, https:\/\/thethorfortune.com\/wp-content\/uploads\/2026\/03\/Thorfortune-login-page-768x330.webp 768w\" sizes=\"(max-width: 1248px) 100vw, 1248px\" \/><\/p>\n<h2>Proces logowania do Thorfortune<\/h2>\n<p>Po rejestracji powracaj\u0105cy u\u017cytkownicy uzyskuj\u0105 dost\u0119p do swojego profilu poprzez stron\u0119 logowania Thorfortune. Logowanie wymaga podania tych samych danych uwierzytelniaj\u0105cych, kt\u00f3re zosta\u0142y utworzone podczas rejestracji: adresu e-mail i has\u0142a. Bezpieczne systemy uwierzytelniania chroni\u0105 ka\u017cd\u0105 sesj\u0119, a opcjonalne uwierzytelnianie dwusk\u0142adnikowe (2FA) mo\u017cna w\u0142\u0105czy\u0107 w ustawieniach konta w celu zapewnienia dodatkowej ochrony.<\/p>\n<p>W przypadku problem\u00f3w z logowaniem u\u017cytkownicy mog\u0105 skorzysta\u0107 z poni\u017cszych wskaz\u00f3wek.<\/p>\n<table>\n<tbody>\n<tr>\n<td>Problem<\/td>\n<td>Rozwi\u0105zanie<\/td>\n<\/tr>\n<tr>\n<td>Nieprawid\u0142owe has\u0142o<\/td>\n<td>Skorzystaj z opcji odzyskiwania has\u0142a, aby zresetowa\u0107 dane logowania za po\u015brednictwem poczty elektronicznej.<\/td>\n<\/tr>\n<tr>\n<td>Konto tymczasowo zablokowane<\/td>\n<td>Poczekaj na automatyczne odblokowanie lub skontaktuj si\u0119 z zespo\u0142em pomocy technicznej.<\/td>\n<\/tr>\n<tr>\n<td>Automatyczne wylogowanie<\/td>\n<td>Wprowad\u017a ponownie dane uwierzytelniaj\u0105ce; sesje wygasaj\u0105 po okresie bezczynno\u015bci.<\/td>\n<\/tr>\n<tr>\n<td>Problemy z przegl\u0105dark\u0105 lub pami\u0119ci\u0105 podr\u0119czn\u0105<\/td>\n<td>Wyczy\u015b\u0107 pami\u0119\u0107 podr\u0119czn\u0105, w\u0142\u0105cz obs\u0142ug\u0119 plik\u00f3w cookie lub zaktualizuj przegl\u0105dark\u0119.<\/td>\n<\/tr>\n<tr>\n<td>Kod 2FA wygas\u0142<\/td>\n<td>Popro\u015b o nowy kod uwierzytelniaj\u0105cy i wprowad\u017a go.<\/td>\n<\/tr>\n<\/tbody>\n<\/table>\n<h3>Ustawienia profilu Thorfortune<\/h3>\n<p>Logowanie do Thorfortune zapewnia wi\u0119cej ni\u017c tylko dost\u0119p do gier. Pulpit profilu zawiera uporz\u0105dkowane narz\u0119dzia do zarz\u0105dzania kontem, kt\u00f3re zapewniaj\u0105 przejrzysto\u015b\u0107 i bezpiecze\u0144stwo.<\/p>\n<p>W ramach konta u\u017cytkownicy mog\u0105:<\/p>\n<ul>\n<li>Przegl\u0105daj histori\u0119 sald i rejestry transakcji<\/li>\n<li>Monitoruj aktywno\u015b\u0107 depozytow\u0105, wygrane i straty<\/li>\n<li>\u015aled\u017a aktywne bonusy i status obrotu<\/li>\n<li>Zaktualizuj dane osobowe<\/li>\n<li>Aktywuj narz\u0119dzia odpowiedzialnej gry<\/li>\n<li>W\u0142\u0105cz lub zarz\u0105dzaj uwierzytelnianiem dwusk\u0142adnikowym<\/li>\n<\/ul>\n<p>Wszystkie operacje finansowe, w tym wp\u0142aty i wyp\u0142aty, s\u0105 realizowane za po\u015brednictwem interfejsu konta. Ten scentralizowany system zapewnia sp\u00f3jne monitorowanie i u\u0142atwia komunikacj\u0119 w przypadku konieczno\u015bci uzyskania pomocy.<\/p>\n<h2>Bezpiecze\u0144stwo danych osobowych<\/h2>\n<p>\u015arodki bezpiecze\u0144stwa s\u0105 zintegrowane z ka\u017cd\u0105 sesj\u0105 logowania do serwisu Thorfortune. Korzystamy z szyfrowanych po\u0142\u0105cze\u0144 i bezpiecznych protoko\u0142\u00f3w uwierzytelniania w celu ochrony danych osobowych i finansowych. Systemy monitorowania kont \u015bledz\u0105 nietypowe wzorce aktywno\u015bci i generuj\u0105 alerty w przypadku wykrycia nieprawid\u0142owych zachowa\u0144.<\/p>\n<p>U\u017cytkownicy mog\u0105 zwi\u0119kszy\u0107 poziom ochrony, w\u0142\u0105czaj\u0105c uwierzytelnianie dwusk\u0142adnikowe. Dodaje to dodatkowy etap weryfikacji podczas pr\u00f3b logowania i zmniejsza ryzyko nieautoryzowanego dost\u0119pu.<\/p>\n<p>Ponadto zapewniamy wieloj\u0119zyczne wsparcie na ca\u0142ej platformie, aby u\u017cytkownicy mogli w pe\u0142ni zrozumie\u0107 instrukcje dotycz\u0105ce konta, etapy p\u0142atno\u015bci i wymagania weryfikacyjne. Nasz zesp\u00f3\u0142 wsparcia technicznego jest dost\u0119pny na czacie na \u017cywo i przez e-mail, aby udzieli\u0107 wszelkich wyja\u015bnie\u0144 dotycz\u0105cych bezpiecze\u0144stwa lub zarz\u0105dzania kontem.<\/p>\n<h2>FAQ<\/h2>\n<h3>Czy proces weryfikacji jest wymagany natychmiast po rejestracji?<\/h3>\n<p>Weryfikacja staje si\u0119 obowi\u0105zkowa przed pierwszym wnioskiem o wyp\u0142at\u0119 \u015brodk\u00f3w. U\u017cytkownicy musz\u0105 przes\u0142a\u0107 dokumenty potwierdzaj\u0105ce to\u017csamo\u015b\u0107 i prawo do p\u0142atno\u015bci.<\/p>\n<h3>Czy jedno konto mo\u017ce by\u0107 wsp\u00f3\u0142dzielone przez wiele os\u00f3b?<\/h3>\n<p>Nie. Ka\u017cdy profil w kasynie Thorfortune musi nale\u017ce\u0107 do jednej osoby. Dane osobowe i informacje dotycz\u0105ce p\u0142atno\u015bci musz\u0105 by\u0107 zgodne z danymi zarejestrowanego w\u0142a\u015bciciela konta.<\/p>\n<h3>Czy po rejestracji mo\u017cna aktualizowa\u0107 dane osobowe?<\/h3>\n<p>Tak. Wi\u0119kszo\u015b\u0107 informacji profilowych mo\u017cna edytowa\u0107 w panelu konta. Niekt\u00f3re zmiany mog\u0105 wymaga\u0107 potwierdzenia to\u017csamo\u015bci ze wzgl\u0119d\u00f3w bezpiecze\u0144stwa.<\/p>\n<\/div><\/div><\/p>\n","protected":false},"excerpt":{"rendered":"<p>Logowanie i rejestracja konta Thorfortune Zako\u0144czenie procesu logowania do Thorfortune zapewnia pe\u0142ny dost\u0119p do naszej platformy i odblokowuje wszystkie podstawowe funkcje konta. Bez rejestracji dost\u0119p jest ograniczony do wybranych tytu\u0142\u00f3w demo i stron z og\u00f3lnymi informacjami. Po utworzeniu konta u\u017cytkownicy mog\u0105 zarz\u0105dza\u0107 wp\u0142atami, aktywowa\u0107 bonusy, kontaktowa\u0107 si\u0119 z naszym zespo\u0142em pomocy technicznej i uzyska\u0107 dost\u0119p [&hellip;]<\/p>\n","protected":false},"author":1,"featured_media":0,"parent":0,"menu_order":0,"comment_status":"closed","ping_status":"closed","template":"template-builder.php","meta":{"_acf_changed":false,"inline_featured_image":false,"footnotes":""},"class_list":["post-1486","page","type-page","status-publish","hentry"],"acf":[],"yoast_head":"<!-- This site is optimized with the Yoast SEO plugin v24.4 - https:\/\/yoast.com\/wordpress\/plugins\/seo\/ -->\n<title>Thorfortune Login| Rejestracja i zarz\u0105dzanie kontem<\/title>\n<meta name=\"description\" content=\"Zacznij od zalogowania si\u0119 do Thorfortune. Nowi u\u017cytkownicy mog\u0105 \u0142atwo si\u0119 zarejestrowa\u0107, a obecni gracze mog\u0105 wr\u00f3ci\u0107 w dowolnym momencie, aby zarz\u0105dza\u0107 swoim kontem i skontaktowa\u0107 si\u0119 z obs\u0142ug\u0105 klienta dost\u0119pn\u0105 24 godziny na dob\u0119, 7 dni w tygodniu.\" \/>\n<meta name=\"robots\" content=\"index, follow, max-snippet:-1, max-image-preview:large, max-video-preview:-1\" \/>\n<link rel=\"canonical\" href=\"https:\/\/thethorfortune.com\/pl\/logowanie-i-rejestracja\/\" \/>\n<meta property=\"og:locale\" content=\"pl_PL\" \/>\n<meta property=\"og:type\" content=\"article\" \/>\n<meta property=\"og:title\" content=\"Thorfortune Login| Rejestracja i zarz\u0105dzanie kontem\" \/>\n<meta property=\"og:description\" content=\"Zacznij od zalogowania si\u0119 do Thorfortune. Nowi u\u017cytkownicy mog\u0105 \u0142atwo si\u0119 zarejestrowa\u0107, a obecni gracze mog\u0105 wr\u00f3ci\u0107 w dowolnym momencie, aby zarz\u0105dza\u0107 swoim kontem i skontaktowa\u0107 si\u0119 z obs\u0142ug\u0105 klienta dost\u0119pn\u0105 24 godziny na dob\u0119, 7 dni w tygodniu.\" \/>\n<meta property=\"og:url\" content=\"https:\/\/thethorfortune.com\/pl\/logowanie-i-rejestracja\/\" \/>\n<meta property=\"og:site_name\" content=\"thorfortune\" \/>\n<meta property=\"article:modified_time\" content=\"2026-03-04T09:07:25+00:00\" \/>\n<meta name=\"twitter:card\" content=\"summary_large_image\" \/>\n<meta name=\"twitter:label1\" content=\"Est. reading time\" \/>\n\t<meta name=\"twitter:data1\" content=\"1 minute\" \/>\n<script type=\"application\/ld+json\" class=\"yoast-schema-graph\">{\"@context\":\"https:\/\/schema.org\",\"@graph\":[{\"@type\":\"WebPage\",\"@id\":\"https:\/\/thethorfortune.com\/pl\/logowanie-i-rejestracja\/\",\"url\":\"https:\/\/thethorfortune.com\/pl\/logowanie-i-rejestracja\/\",\"name\":\"Thorfortune Login| Rejestracja i zarz\u0105dzanie kontem\",\"isPartOf\":{\"@id\":\"https:\/\/thethorfortune.com\/pl\/#website\"},\"datePublished\":\"2026-01-20T12:11:11+00:00\",\"dateModified\":\"2026-03-04T09:07:25+00:00\",\"description\":\"Zacznij od zalogowania si\u0119 do Thorfortune. Nowi u\u017cytkownicy mog\u0105 \u0142atwo si\u0119 zarejestrowa\u0107, a obecni gracze mog\u0105 wr\u00f3ci\u0107 w dowolnym momencie, aby zarz\u0105dza\u0107 swoim kontem i skontaktowa\u0107 si\u0119 z obs\u0142ug\u0105 klienta dost\u0119pn\u0105 24 godziny na dob\u0119, 7 dni w tygodniu.\",\"breadcrumb\":{\"@id\":\"https:\/\/thethorfortune.com\/pl\/logowanie-i-rejestracja\/#breadcrumb\"},\"inLanguage\":\"pl-PL\",\"potentialAction\":[{\"@type\":\"ReadAction\",\"target\":[\"https:\/\/thethorfortune.com\/pl\/logowanie-i-rejestracja\/\"]}]},{\"@type\":\"BreadcrumbList\",\"@id\":\"https:\/\/thethorfortune.com\/pl\/logowanie-i-rejestracja\/#breadcrumb\",\"itemListElement\":[{\"@type\":\"ListItem\",\"position\":1,\"name\":\"Thorfortune\",\"item\":\"https:\/\/thethorfortune.com\/pl\/\"},{\"@type\":\"ListItem\",\"position\":2,\"name\":\"Logowanie i rejestracja\"}]},{\"@type\":\"WebSite\",\"@id\":\"https:\/\/thethorfortune.com\/pl\/#website\",\"url\":\"https:\/\/thethorfortune.com\/pl\/\",\"name\":\"Thorfortune\",\"description\":\"\",\"publisher\":{\"@id\":\"https:\/\/thethorfortune.com\/pl\/#organization\"},\"potentialAction\":[{\"@type\":\"SearchAction\",\"target\":{\"@type\":\"EntryPoint\",\"urlTemplate\":\"https:\/\/thethorfortune.com\/pl\/?s={search_term_string}\"},\"query-input\":{\"@type\":\"PropertyValueSpecification\",\"valueRequired\":true,\"valueName\":\"search_term_string\"}}],\"inLanguage\":\"pl-PL\"},{\"@type\":\"Organization\",\"@id\":\"https:\/\/thethorfortune.com\/pl\/#organization\",\"name\":\"Thorfortune\",\"url\":\"https:\/\/thethorfortune.com\/pl\/\",\"logo\":{\"@type\":\"ImageObject\",\"inLanguage\":\"pl-PL\",\"@id\":\"https:\/\/thethorfortune.com\/pl\/#\/schema\/logo\/image\/\",\"url\":\"https:\/\/thethorfortune.com\/wp-content\/uploads\/2026\/03\/logo.png\",\"contentUrl\":\"https:\/\/thethorfortune.com\/wp-content\/uploads\/2026\/03\/logo.png\",\"width\":160,\"height\":37,\"caption\":\"Thorfortune\"},\"image\":{\"@id\":\"https:\/\/thethorfortune.com\/pl\/#\/schema\/logo\/image\/\"}}]}<\/script>\n<!-- \/ Yoast SEO plugin. -->","yoast_head_json":{"title":"Thorfortune Login| Rejestracja i zarz\u0105dzanie kontem","description":"Zacznij od zalogowania si\u0119 do Thorfortune. Nowi u\u017cytkownicy mog\u0105 \u0142atwo si\u0119 zarejestrowa\u0107, a obecni gracze mog\u0105 wr\u00f3ci\u0107 w dowolnym momencie, aby zarz\u0105dza\u0107 swoim kontem i skontaktowa\u0107 si\u0119 z obs\u0142ug\u0105 klienta dost\u0119pn\u0105 24 godziny na dob\u0119, 7 dni w tygodniu.","robots":{"index":"index","follow":"follow","max-snippet":"max-snippet:-1","max-image-preview":"max-image-preview:large","max-video-preview":"max-video-preview:-1"},"canonical":"https:\/\/thethorfortune.com\/pl\/logowanie-i-rejestracja\/","og_locale":"pl_PL","og_type":"article","og_title":"Thorfortune Login| Rejestracja i zarz\u0105dzanie kontem","og_description":"Zacznij od zalogowania si\u0119 do Thorfortune. Nowi u\u017cytkownicy mog\u0105 \u0142atwo si\u0119 zarejestrowa\u0107, a obecni gracze mog\u0105 wr\u00f3ci\u0107 w dowolnym momencie, aby zarz\u0105dza\u0107 swoim kontem i skontaktowa\u0107 si\u0119 z obs\u0142ug\u0105 klienta dost\u0119pn\u0105 24 godziny na dob\u0119, 7 dni w tygodniu.","og_url":"https:\/\/thethorfortune.com\/pl\/logowanie-i-rejestracja\/","og_site_name":"thorfortune","article_modified_time":"2026-03-04T09:07:25+00:00","twitter_card":"summary_large_image","twitter_misc":{"Est. reading time":"1 minute"},"schema":{"@context":"https:\/\/schema.org","@graph":[{"@type":"WebPage","@id":"https:\/\/thethorfortune.com\/pl\/logowanie-i-rejestracja\/","url":"https:\/\/thethorfortune.com\/pl\/logowanie-i-rejestracja\/","name":"Thorfortune Login| Rejestracja i zarz\u0105dzanie kontem","isPartOf":{"@id":"https:\/\/thethorfortune.com\/pl\/#website"},"datePublished":"2026-01-20T12:11:11+00:00","dateModified":"2026-03-04T09:07:25+00:00","description":"Zacznij od zalogowania si\u0119 do Thorfortune. Nowi u\u017cytkownicy mog\u0105 \u0142atwo si\u0119 zarejestrowa\u0107, a obecni gracze mog\u0105 wr\u00f3ci\u0107 w dowolnym momencie, aby zarz\u0105dza\u0107 swoim kontem i skontaktowa\u0107 si\u0119 z obs\u0142ug\u0105 klienta dost\u0119pn\u0105 24 godziny na dob\u0119, 7 dni w tygodniu.","breadcrumb":{"@id":"https:\/\/thethorfortune.com\/pl\/logowanie-i-rejestracja\/#breadcrumb"},"inLanguage":"pl-PL","potentialAction":[{"@type":"ReadAction","target":["https:\/\/thethorfortune.com\/pl\/logowanie-i-rejestracja\/"]}]},{"@type":"BreadcrumbList","@id":"https:\/\/thethorfortune.com\/pl\/logowanie-i-rejestracja\/#breadcrumb","itemListElement":[{"@type":"ListItem","position":1,"name":"Thorfortune","item":"https:\/\/thethorfortune.com\/pl\/"},{"@type":"ListItem","position":2,"name":"Logowanie i rejestracja"}]},{"@type":"WebSite","@id":"https:\/\/thethorfortune.com\/pl\/#website","url":"https:\/\/thethorfortune.com\/pl\/","name":"Thorfortune","description":"","publisher":{"@id":"https:\/\/thethorfortune.com\/pl\/#organization"},"potentialAction":[{"@type":"SearchAction","target":{"@type":"EntryPoint","urlTemplate":"https:\/\/thethorfortune.com\/pl\/?s={search_term_string}"},"query-input":{"@type":"PropertyValueSpecification","valueRequired":true,"valueName":"search_term_string"}}],"inLanguage":"pl-PL"},{"@type":"Organization","@id":"https:\/\/thethorfortune.com\/pl\/#organization","name":"Thorfortune","url":"https:\/\/thethorfortune.com\/pl\/","logo":{"@type":"ImageObject","inLanguage":"pl-PL","@id":"https:\/\/thethorfortune.com\/pl\/#\/schema\/logo\/image\/","url":"https:\/\/thethorfortune.com\/wp-content\/uploads\/2026\/03\/logo.png","contentUrl":"https:\/\/thethorfortune.com\/wp-content\/uploads\/2026\/03\/logo.png","width":160,"height":37,"caption":"Thorfortune"},"image":{"@id":"https:\/\/thethorfortune.com\/pl\/#\/schema\/logo\/image\/"}}]}},"_links":{"self":[{"href":"https:\/\/thethorfortune.com\/pl\/wp-json\/wp\/v2\/pages\/1486"}],"collection":[{"href":"https:\/\/thethorfortune.com\/pl\/wp-json\/wp\/v2\/pages"}],"about":[{"href":"https:\/\/thethorfortune.com\/pl\/wp-json\/wp\/v2\/types\/page"}],"author":[{"embeddable":true,"href":"https:\/\/thethorfortune.com\/pl\/wp-json\/wp\/v2\/users\/1"}],"replies":[{"embeddable":true,"href":"https:\/\/thethorfortune.com\/pl\/wp-json\/wp\/v2\/comments?post=1486"}],"version-history":[{"count":3,"href":"https:\/\/thethorfortune.com\/pl\/wp-json\/wp\/v2\/pages\/1486\/revisions"}],"predecessor-version":[{"id":2097,"href":"https:\/\/thethorfortune.com\/pl\/wp-json\/wp\/v2\/pages\/1486\/revisions\/2097"}],"wp:attachment":[{"href":"https:\/\/thethorfortune.com\/pl\/wp-json\/wp\/v2\/media?parent=1486"}],"curies":[{"name":"wp","href":"https:\/\/api.w.org\/{rel}","templated":true}]}}