{"id":1447,"date":"2026-01-20T12:08:23","date_gmt":"2026-01-20T12:08:23","guid":{"rendered":"https:\/\/bonuskongcasino.com\/app\/"},"modified":"2026-03-04T09:06:04","modified_gmt":"2026-03-04T09:06:04","slug":"aplikacja","status":"publish","type":"page","link":"https:\/\/thethorfortune.com\/pl\/aplikacja\/","title":{"rendered":"Aplikacja"},"content":{"rendered":"<h1>Platforma mobilna Thorfortune<\/h1>\n<p>Aplikacja Thorfortune sprawi, \u017ce Twoje do\u015bwiadczenia b\u0119d\u0105 znacznie wygodniejsze, poniewa\u017c jest kompatybilna ze wszystkimi nowoczesnymi urz\u0105dzeniami i pozwala gra\u0107 w dowolnym miejscu. Niezale\u017cnie od tego, czy masz telefon z systemem Android czy iOS, mo\u017cesz liczy\u0107 na szybkie \u0142adowanie i p\u0142ynn\u0105 rozgrywk\u0119. Wszystkie funkcje, wygl\u0105d i nawigacja b\u0119d\u0105 Ci znane, poniewa\u017c odzwierciedlaj\u0105 one g\u0142\u00f3wn\u0105 stron\u0119 internetow\u0105 na komputery PC. Instalacja mo\u017ce zosta\u0107 przeprowadzona szybko, bezpo\u015brednio z naszej strony internetowej.<\/p>\n<p><div class=\"banner-wrap\" aria-label=\"Banner\"><img src=\"https:\/\/thethorfortune.com\/wp-content\/uploads\/2026\/03\/Thorfortune-bnr-pc.webp\" class=\"w-100 d-none d-lg-block img-pc main-banner-img\" alt=\"Thorfortune banner pc\" fetchpriority=\"high\" decoding=\"async\"><img src=\"https:\/\/thethorfortune.com\/wp-content\/uploads\/2026\/03\/thorfortune-banner-mobile.webp\" class=\"w-100 d-none d-md-block d-lg-none main-banner-img\" alt=\"thorfortune banner mobile\" fetchpriority=\"high\" decoding=\"async\"><img src=\"https:\/\/thethorfortune.com\/wp-content\/uploads\/2026\/03\/thorfortune-banner-mobile.webp\" class=\"w-100 d-md-none\" alt=\"thorfortune banner mobile\" fetchpriority=\"high\" decoding=\"async\"><div class=\"banner-description\">\n<div class=\"banner-title\">Bonusy powitalne<\/div>\n<p class=\"banner-header-title\">1500 \u20ac<\/p>\n<div class=\"banner-header-AdditionalText\">+ 250 Darmowe spiny<\/div>\n<button data-item=\"homepage_banner_link\" class=\"goto m-button m-gradient-border m-button--primary m-button--large banner-button btn-orange\">\n            <div class=\"m-button-content\">\n                <span>Zarejestruj si\u0119 teraz<\/span>\n                <span><\/span>\n            <\/div>\n        <\/button>\n<\/div>\n<div class=\"WelcomePack\">\n<p><img loading=\"lazy\" decoding=\"async\" class=\"alignnone size-full wp-image-1848\" src=\"https:\/\/thethorfortune.com\/wp-content\/uploads\/2026\/03\/welcome-crown.png\" alt=\"welcome crown\" width=\"25\" height=\"26\" \/><\/p>\n<div class=\"WelcomePack-Info\">Cotygodniowy zwrot got\u00f3wki do 25%<\/div>\n<p><img loading=\"lazy\" decoding=\"async\" class=\"alignnone size-full wp-image-1848\" src=\"https:\/\/thethorfortune.com\/wp-content\/uploads\/2026\/03\/welcome-crown.png\" alt=\"welcome crown\" width=\"25\" height=\"26\" \/><\/p>\n<\/div>\n<\/div><div class=\"scrollable-content-wrap my-5\"><div class=\"scrollable-content-inner\"><h2>Najwa\u017cniejsze funkcje aplikacji Thorfortune<\/h2>\n<p>Wi\u0119kszo\u015b\u0107 naszych graczy preferuje dost\u0119p mobilny, poniewa\u017c umo\u017cliwia on ci\u0105g\u0142\u0105 kontrol\u0119 nad kontem i nieprzerwan\u0105 rozgrywk\u0119. Mobilne kasyno Thorfortune jest dost\u0119pne w dw\u00f3ch formatach: wersji przegl\u0105darkowej oraz dedykowanej aplikacji Thorfortune zbudowanej jako Progressive Web App (PWA). Obie wersje zapewniaj\u0105 identyczny dost\u0119p do lobby, kasjera, bonus\u00f3w i kana\u0142\u00f3w wsparcia.<\/p>\n<table>\n<tbody>\n<tr>\n<td>Funkcja<\/td>\n<td>Co to oznacza dla u\u017cytkownika<\/td>\n<\/tr>\n<tr>\n<td>Interfejs zoptymalizowany pod k\u0105tem urz\u0105dze\u0144 mobilnych<\/td>\n<td>Uk\u0142ad dostosowuje si\u0119 do rozmiaru ekranu, zapewniaj\u0105c uproszczon\u0105 nawigacj\u0119 i przejrzysty dost\u0119p do kategorii.<\/td>\n<\/tr>\n<tr>\n<td>Szybkie \u0142adowanie gry<\/td>\n<td>Zoptymalizowany przep\u0142yw danych skraca czas oczekiwania mi\u0119dzy rundami.<\/td>\n<\/tr>\n<tr>\n<td>Stabilna wydajno\u015b\u0107<\/td>\n<td>Procesy dzia\u0142aj\u0105ce w tle s\u0105 usprawnione, aby zapewni\u0107 sp\u00f3jno\u015b\u0107 sesji.<\/td>\n<\/tr>\n<tr>\n<td>Sterowanie dotykowe<\/td>\n<td>Precyzyjne stukanie, przewijanie i obstawianie zak\u0142ad\u00f3w<\/td>\n<\/tr>\n<tr>\n<td>Bezpieczne sesje mobilne<\/td>\n<td>Szyfrowane po\u0142\u0105czenie i chroniony proces logowania<\/td>\n<\/tr>\n<tr>\n<td>Automatyczne aktualizacje<\/td>\n<td>Najnowsza wersja dzia\u0142a bez r\u0119cznej instalacji aktualizacji.<\/td>\n<\/tr>\n<\/tbody>\n<\/table>\n<p>Aplikacja Thorfortune posiada ten sam portfel konta, sekcj\u0119 bonus\u00f3w i filtry gier, co platforma komputerowa. U\u017cytkownicy nie potrzebuj\u0105 oddzielnych danych logowania; to samo konto dzia\u0142a na wszystkich urz\u0105dzeniach.<\/p>\n<h2>Urz\u0105dzenia mobilne a komputery PC: por\u00f3wnanie funkcjonalno\u015bci<\/h2>\n<p>Podczas gdy wersja na komputery stacjonarne nadal nadaje si\u0119 do d\u0142ugich sesji i wi\u0119kszych ekran\u00f3w, aplikacja Thorfortune zosta\u0142a zaprojektowana z my\u015bl\u0105 o elastyczno\u015bci i szybkim dost\u0119pie. R\u00f3\u017cnica dotyczy przede wszystkim formatu, a nie funkcji.<\/p>\n<table>\n<tbody>\n<tr>\n<td>Wygl\u0105d<\/td>\n<td>Aplikacja Thorfortune<\/td>\n<td>Wersja na komputery PC<\/td>\n<\/tr>\n<tr>\n<td>Dost\u0119pno\u015b\u0107<\/td>\n<td>Natychmiastowy dost\u0119p z ekranu g\u0142\u00f3wnego<\/td>\n<td>Dost\u0119p za po\u015brednictwem przegl\u0105darki internetowej<\/td>\n<\/tr>\n<tr>\n<td>Nawigacja<\/td>\n<td>Kategorie zoptymalizowane pod k\u0105tem obs\u0142ugi dotykowej<\/td>\n<td>Nawigacja za pomoc\u0105 myszy i klawiatury<\/td>\n<\/tr>\n<tr>\n<td>Biblioteka gier<\/td>\n<td>Pe\u0142ny dost\u0119p do automat\u00f3w online i gier kasynowych na \u017cywo<\/td>\n<td>Pe\u0142ny dost\u0119p<\/td>\n<\/tr>\n<tr>\n<td>P\u0142atno\u015bci<\/td>\n<td>Zintegrowana mobilna kasa<\/td>\n<td>Zintegrowana kasa stacjonarna<\/td>\n<\/tr>\n<tr>\n<td>Wsparcie<\/td>\n<td>Wbudowany czat na \u017cywo<\/td>\n<td>Czat na \u017cywo i e-mail<\/td>\n<\/tr>\n<tr>\n<td>Aktualizacje<\/td>\n<td>Automatycznie przez PWA<\/td>\n<td>Automatycznie poprzez aktualizacje strony internetowej<\/td>\n<\/tr>\n<\/tbody>\n<\/table>\n<p>Oba formaty zapewniaj\u0105 takie same wra\u017cenia z gry pod wzgl\u0119dem bonus\u00f3w, turniej\u00f3w, metod wp\u0142at i przetwarzania wyp\u0142at. Wyb\u00f3r zale\u017cy raczej od preferencji u\u017cytkownika ni\u017c od dost\u0119pno\u015bci funkcji.<\/p>\n<\/div><\/div><div style=\"clear: both\"><\/div><div class=\"d-flex justify-content-center\"><button data-item=\"decouvrez_link\" data-group=\"website_links\" class=\"goto fw-bold rounded-pill btn btn-orange\" aria-label=\"Pobierz aplikacj\u0119 Thorfortune\" >Pobierz aplikacj\u0119 Thorfortune<\/button><\/div><div class=\"scrollable-content-wrap my-5\"><div class=\"scrollable-content-inner\"><h2>Granie na urz\u0105dzeniach z systemem Android<\/h2>\n<p>Aplikacja Thorfortune jest kompatybilna z nowoczesnymi wersjami systemu Android i zoptymalizowana pod k\u0105tem wydajno\u015bci urz\u0105dze\u0144 mobilnych. Zaprojektowali\u015bmy interfejs mobilny tak, aby skr\u00f3ci\u0107 czas \u0142adowania i ograniczy\u0107 niepotrzebne wykorzystanie danych w tle.<\/p>\n<p>Sterowanie dotykowe jest skalibrowane pod k\u0105tem precyzji. U\u017cytkownicy mog\u0105 bez op\u00f3\u017anie\u0144 kr\u0119ci\u0107 b\u0119bnami, dostosowywa\u0107 stawki lub uzyskiwa\u0107 dost\u0119p do narz\u0119dzi konta. Nawet d\u0142ugie sesje pozostaj\u0105 stabilne dzi\u0119ki optymalizacji wydajno\u015bci i uproszczonym warstwom interfejsu.<\/p>\n<p>Aby zainstalowa\u0107 aplikacj\u0119 Thorfortune na urz\u0105dzeniu z systemem Android, u\u017cytkownicy mog\u0105:<\/p>\n<ol>\n<li>Otw\u00f3rz nasz\u0105 stron\u0119 internetow\u0105 w przegl\u0105darce mobilnej.<\/li>\n<li>Wybierz opcj\u0119 \u201eDodaj do ekranu g\u0142\u00f3wnego\u201d.<\/li>\n<li>Potwierd\u017a instalacj\u0119, aby utworzy\u0107 ikon\u0119 aplikacji.<\/li>\n<\/ol>\n<p>Instalacja nie wymaga dodatkowego pobierania plik\u00f3w z zewn\u0119trznych sklep\u00f3w, poniewa\u017c aplikacja dzia\u0142a jako bezpieczne rozwi\u0105zanie internetowe.<\/p>\n<p><img loading=\"lazy\" decoding=\"async\" class=\"alignnone size-full wp-image-2008\" src=\"https:\/\/thethorfortune.com\/wp-content\/uploads\/2026\/03\/Thorfortune-Android.webp\" alt=\"Thorfortune Android\" width=\"1248\" height=\"536\" srcset=\"https:\/\/thethorfortune.com\/wp-content\/uploads\/2026\/03\/Thorfortune-Android.webp 1248w, https:\/\/thethorfortune.com\/wp-content\/uploads\/2026\/03\/Thorfortune-Android-300x129.webp 300w, https:\/\/thethorfortune.com\/wp-content\/uploads\/2026\/03\/Thorfortune-Android-1024x440.webp 1024w, https:\/\/thethorfortune.com\/wp-content\/uploads\/2026\/03\/Thorfortune-Android-768x330.webp 768w\" sizes=\"(max-width: 1248px) 100vw, 1248px\" \/><\/p>\n<\/div><\/div><div style=\"clear: both\"><\/div><div class=\"d-flex justify-content-center\"><button data-item=\"decouvrez_link\" data-group=\"website_links\" class=\"goto fw-bold rounded-pill btn btn-orange\" aria-label=\"Pobierz Thorfortune\" >Pobierz Thorfortune<\/button><\/div><div class=\"scrollable-content-wrap my-5\"><div class=\"scrollable-content-inner\"><h2>Dost\u0119p mobilny w systemie iOS<\/h2>\n<p>Dla u\u017cytkownik\u00f3w systemu iOS kasyno mobilne Thorfortune dzia\u0142a zar\u00f3wno poprzez przegl\u0105dark\u0119, jak i instalacj\u0119 PWA. Interfejs automatycznie dostosowuje si\u0119 do rozdzielczo\u015bci i orientacji ekranu. Automaty online, gry sto\u0142owe i gry kasynowe na \u017cywo \u0142aduj\u0105 si\u0119 w formacie dostosowanym do urz\u0105dze\u0144 mobilnych, bez usuwania funkcji dost\u0119pnych na komputerach stacjonarnych.<\/p>\n<p>Rejestracja, wp\u0142aty, wyp\u0142aty i aktywacja bonus\u00f3w s\u0105 w pe\u0142ni obs\u0142ugiwane w aplikacji Thorfortune. U\u017cytkownicy mog\u0105 r\u00f3wnie\u017c przeprowadzi\u0107 proces weryfikacji bezpo\u015brednio ze swojego urz\u0105dzenia mobilnego, w tym przes\u0142a\u0107 dokumenty, je\u015bli jest to wymagane.<\/p>\n<p>Proces instalacji odzwierciedla standardowe kroki konfiguracji PWA i pozwala na wy\u015bwietlenie ikony Thorfortune na ekranie g\u0142\u00f3wnym w ci\u0105gu kilku sekund.<\/p>\n<p><img loading=\"lazy\" decoding=\"async\" class=\"alignnone size-full wp-image-2024\" src=\"https:\/\/thethorfortune.com\/wp-content\/uploads\/2026\/03\/Thorfortune-iOS.webp\" alt=\"Thorfortune iOS\" width=\"1248\" height=\"536\" srcset=\"https:\/\/thethorfortune.com\/wp-content\/uploads\/2026\/03\/Thorfortune-iOS.webp 1248w, https:\/\/thethorfortune.com\/wp-content\/uploads\/2026\/03\/Thorfortune-iOS-300x129.webp 300w, https:\/\/thethorfortune.com\/wp-content\/uploads\/2026\/03\/Thorfortune-iOS-1024x440.webp 1024w, https:\/\/thethorfortune.com\/wp-content\/uploads\/2026\/03\/Thorfortune-iOS-768x330.webp 768w\" sizes=\"(max-width: 1248px) 100vw, 1248px\" \/><\/p>\n<\/div><\/div><div style=\"clear: both\"><\/div><div class=\"d-flex justify-content-center\"><button data-item=\"decouvrez_link\" data-group=\"website_links\" class=\"goto fw-bold rounded-pill btn btn-orange\" aria-label=\"Pobierz aplikacj\u0119 Thorfortune\" >Pobierz aplikacj\u0119 Thorfortune<\/button><\/div><div class=\"scrollable-content-wrap my-5\"><div class=\"scrollable-content-inner\"><h2>Bezpiecze\u0144stwo i ochrona danych w aplikacji Thorfortune<\/h2>\n<p>Standardy bezpiecze\u0144stwa w kasynie mobilnym Thorfortune s\u0105 takie same jak te stosowane na komputerach stacjonarnych. Wszystkie sesje s\u0105 chronione za pomoc\u0105 szyfrowanych po\u0142\u0105cze\u0144, a dane logowania s\u0105 przetwarzane przez bezpieczne systemy uwierzytelniania. U\u017cywamy narz\u0119dzi monitoruj\u0105cych, \u017ceby wykrywa\u0107 nietypowe zachowania na kontach i zapobiega\u0107 pr\u00f3bom nieautoryzowanego dost\u0119pu.<\/p>\n<p>Proces weryfikacji jest obowi\u0105zkowy przed pierwsz\u0105 wyp\u0142at\u0105 i mo\u017cna go przeprowadzi\u0107 za pomoc\u0105 interfejsu mobilnego. Dzi\u0119ki temu transakcje pozostaj\u0105 chronione i powi\u0105zane ze zweryfikowanymi kontami.<\/p>\n<p>Gracze, kt\u00f3rzy potrzebuj\u0105 wyja\u015bnie\u0144 dotycz\u0105cych bezpiecze\u0144stwa konta lub p\u0142atno\u015bci, mog\u0105 w dowolnym momencie skontaktowa\u0107 si\u0119 z naszym zespo\u0142em pomocy technicznej za po\u015brednictwem czatu na \u017cywo. Funkcja czatu na \u017cywo jest zintegrowana bezpo\u015brednio z aplikacj\u0105, co pozwala na uzyskanie pomocy w czasie rzeczywistym bez opuszczania \u015brodowiska gry.<\/p>\n<h2>Dost\u0119p do pulpitu za po\u015brednictwem Thorfortune<\/h2>\n<p>Mo\u017cesz cieszy\u0107 si\u0119 p\u0142ynn\u0105 rozgrywk\u0105, graj\u0105c w Thorfortune na komputerze stacjonarnym lub laptopie. U\u017cytkownicy nie musz\u0105 instalowa\u0107 \u017cadnego dodatkowego oprogramowania. Nasza strona internetowa jest dost\u0119pna w ka\u017cdej nowoczesnej przegl\u0105darce. Aby uzyska\u0107 dost\u0119p do wszystkich dost\u0119pnych funkcji, zaloguj si\u0119 na swoje konto i zacznij gra\u0107.<\/p>\n<p>Je\u015bli chcesz uzyska\u0107 dost\u0119p do naszej strony internetowej za pomoc\u0105 jednego klikni\u0119cia, mo\u017cesz zainstalowa\u0107 ikon\u0119 skr\u00f3tu na pulpicie. Aby to zrobi\u0107, przejd\u017a do ustawie\u0144 przegl\u0105darki. Je\u015bli napotkasz jakiekolwiek problemy podczas instalacji ikony Thorfortune, skontaktuj si\u0119 z naszym zespo\u0142em pomocy technicznej za po\u015brednictwem czatu na \u017cywo lub poczty elektronicznej.<\/p>\n<p><img loading=\"lazy\" decoding=\"async\" class=\"alignnone size-full wp-image-2016\" src=\"https:\/\/thethorfortune.com\/wp-content\/uploads\/2026\/03\/Thorfortune-Desktop.webp\" alt=\"Thorfortune Desktop\" width=\"1248\" height=\"536\" srcset=\"https:\/\/thethorfortune.com\/wp-content\/uploads\/2026\/03\/Thorfortune-Desktop.webp 1248w, https:\/\/thethorfortune.com\/wp-content\/uploads\/2026\/03\/Thorfortune-Desktop-300x129.webp 300w, https:\/\/thethorfortune.com\/wp-content\/uploads\/2026\/03\/Thorfortune-Desktop-1024x440.webp 1024w, https:\/\/thethorfortune.com\/wp-content\/uploads\/2026\/03\/Thorfortune-Desktop-768x330.webp 768w\" sizes=\"(max-width: 1248px) 100vw, 1248px\" \/><\/p>\n<\/div><\/div><div style=\"clear: both\"><\/div><div class=\"d-flex justify-content-center\"><button data-item=\"decouvrez_link\" data-group=\"website_links\" class=\"goto fw-bold rounded-pill btn btn-orange\" aria-label=\"Pobierz Thorfortune\" >Pobierz Thorfortune<\/button><\/div><div class=\"scrollable-content-wrap my-5\"><div class=\"scrollable-content-inner\"><h2>FAQ<\/h2>\n<h3>Czy mog\u0119 gra\u0107 w gry kasynowe na \u017cywo w aplikacji Thorfortune?<\/h3>\n<p>Tak. Ca\u0142a biblioteka gier, w tym gry kasynowe na \u017cywo, jest dost\u0119pna w mobilnym kasynie Thorfortune. Wszystkie tytu\u0142y s\u0105 zoptymalizowane pod k\u0105tem sterowania dotykowego i mniejszych ekran\u00f3w.<\/p>\n<h3>Czy rejestracja jest dost\u0119pna w aplikacji Thorfortune?<\/h3>\n<p>Tak. Nowi u\u017cytkownicy mog\u0105 utworzy\u0107 konto bezpo\u015brednio przez interfejs aplikacji. Przed dokonaniem pierwszej wyp\u0142aty nale\u017cy przej\u015b\u0107 proces weryfikacji.<\/p>\n<h3>Jak obs\u0142ugiwane s\u0105 aktualizacje?<\/h3>\n<p>Aplikacja Thorfortune dzia\u0142a jako progresywna aplikacja internetowa, co oznacza, \u017ce aktualizacje s\u0105 stosowane automatycznie po od\u015bwie\u017ceniu platformy. Nie jest wymagane r\u0119czne pobieranie plik\u00f3w.<\/p>\n<\/div><\/div><\/p>\n","protected":false},"excerpt":{"rendered":"<p>Platforma mobilna Thorfortune Aplikacja Thorfortune sprawi, \u017ce Twoje do\u015bwiadczenia b\u0119d\u0105 znacznie wygodniejsze, poniewa\u017c jest kompatybilna ze wszystkimi nowoczesnymi urz\u0105dzeniami i pozwala gra\u0107 w dowolnym miejscu. Niezale\u017cnie od tego, czy masz telefon z systemem Android czy iOS, mo\u017cesz liczy\u0107 na szybkie \u0142adowanie i p\u0142ynn\u0105 rozgrywk\u0119. Wszystkie funkcje, wygl\u0105d i nawigacja b\u0119d\u0105 Ci znane, poniewa\u017c odzwierciedlaj\u0105 one [&hellip;]<\/p>\n","protected":false},"author":1,"featured_media":0,"parent":0,"menu_order":0,"comment_status":"closed","ping_status":"closed","template":"template-builder.php","meta":{"_acf_changed":false,"inline_featured_image":false,"footnotes":""},"class_list":["post-1447","page","type-page","status-publish","hentry"],"acf":[],"yoast_head":"<!-- This site is optimized with the Yoast SEO plugin v24.4 - https:\/\/yoast.com\/wordpress\/plugins\/seo\/ -->\n<title>Thorfortune Casino App | Pobierz na iOS i Androida<\/title>\n<meta name=\"description\" content=\"Gdziekolwiek jeste\u015b, Twoje ulubione gry s\u0105 zawsze z Tob\u0105. Ciesz si\u0119 automatami i grami sto\u0142owymi w aplikacji mobilnej Thorfortune na iOS i Androida.\" \/>\n<meta name=\"robots\" content=\"index, follow, max-snippet:-1, max-image-preview:large, max-video-preview:-1\" \/>\n<link rel=\"canonical\" href=\"https:\/\/thethorfortune.com\/pl\/aplikacja\/\" \/>\n<meta property=\"og:locale\" content=\"pl_PL\" \/>\n<meta property=\"og:type\" content=\"article\" \/>\n<meta property=\"og:title\" content=\"Thorfortune Casino App | Pobierz na iOS i Androida\" \/>\n<meta property=\"og:description\" content=\"Gdziekolwiek jeste\u015b, Twoje ulubione gry s\u0105 zawsze z Tob\u0105. Ciesz si\u0119 automatami i grami sto\u0142owymi w aplikacji mobilnej Thorfortune na iOS i Androida.\" \/>\n<meta property=\"og:url\" content=\"https:\/\/thethorfortune.com\/pl\/aplikacja\/\" \/>\n<meta property=\"og:site_name\" content=\"thorfortune\" \/>\n<meta property=\"article:modified_time\" content=\"2026-03-04T09:06:04+00:00\" \/>\n<meta name=\"twitter:card\" content=\"summary_large_image\" \/>\n<meta name=\"twitter:label1\" content=\"Est. reading time\" \/>\n\t<meta name=\"twitter:data1\" content=\"1 minute\" \/>\n<script type=\"application\/ld+json\" class=\"yoast-schema-graph\">{\"@context\":\"https:\/\/schema.org\",\"@graph\":[{\"@type\":\"WebPage\",\"@id\":\"https:\/\/thethorfortune.com\/pl\/aplikacja\/\",\"url\":\"https:\/\/thethorfortune.com\/pl\/aplikacja\/\",\"name\":\"Thorfortune Casino App | Pobierz na iOS i Androida\",\"isPartOf\":{\"@id\":\"https:\/\/thethorfortune.com\/pl\/#website\"},\"datePublished\":\"2026-01-20T12:08:23+00:00\",\"dateModified\":\"2026-03-04T09:06:04+00:00\",\"description\":\"Gdziekolwiek jeste\u015b, Twoje ulubione gry s\u0105 zawsze z Tob\u0105. Ciesz si\u0119 automatami i grami sto\u0142owymi w aplikacji mobilnej Thorfortune na iOS i Androida.\",\"breadcrumb\":{\"@id\":\"https:\/\/thethorfortune.com\/pl\/aplikacja\/#breadcrumb\"},\"inLanguage\":\"pl-PL\",\"potentialAction\":[{\"@type\":\"ReadAction\",\"target\":[\"https:\/\/thethorfortune.com\/pl\/aplikacja\/\"]}]},{\"@type\":\"BreadcrumbList\",\"@id\":\"https:\/\/thethorfortune.com\/pl\/aplikacja\/#breadcrumb\",\"itemListElement\":[{\"@type\":\"ListItem\",\"position\":1,\"name\":\"Thorfortune\",\"item\":\"https:\/\/thethorfortune.com\/pl\/\"},{\"@type\":\"ListItem\",\"position\":2,\"name\":\"Aplikacja\"}]},{\"@type\":\"WebSite\",\"@id\":\"https:\/\/thethorfortune.com\/pl\/#website\",\"url\":\"https:\/\/thethorfortune.com\/pl\/\",\"name\":\"Thorfortune\",\"description\":\"\",\"publisher\":{\"@id\":\"https:\/\/thethorfortune.com\/pl\/#organization\"},\"potentialAction\":[{\"@type\":\"SearchAction\",\"target\":{\"@type\":\"EntryPoint\",\"urlTemplate\":\"https:\/\/thethorfortune.com\/pl\/?s={search_term_string}\"},\"query-input\":{\"@type\":\"PropertyValueSpecification\",\"valueRequired\":true,\"valueName\":\"search_term_string\"}}],\"inLanguage\":\"pl-PL\"},{\"@type\":\"Organization\",\"@id\":\"https:\/\/thethorfortune.com\/pl\/#organization\",\"name\":\"Thorfortune\",\"url\":\"https:\/\/thethorfortune.com\/pl\/\",\"logo\":{\"@type\":\"ImageObject\",\"inLanguage\":\"pl-PL\",\"@id\":\"https:\/\/thethorfortune.com\/pl\/#\/schema\/logo\/image\/\",\"url\":\"https:\/\/thethorfortune.com\/wp-content\/uploads\/2026\/03\/logo.png\",\"contentUrl\":\"https:\/\/thethorfortune.com\/wp-content\/uploads\/2026\/03\/logo.png\",\"width\":160,\"height\":37,\"caption\":\"Thorfortune\"},\"image\":{\"@id\":\"https:\/\/thethorfortune.com\/pl\/#\/schema\/logo\/image\/\"}}]}<\/script>\n<!-- \/ Yoast SEO plugin. -->","yoast_head_json":{"title":"Thorfortune Casino App | Pobierz na iOS i Androida","description":"Gdziekolwiek jeste\u015b, Twoje ulubione gry s\u0105 zawsze z Tob\u0105. Ciesz si\u0119 automatami i grami sto\u0142owymi w aplikacji mobilnej Thorfortune na iOS i Androida.","robots":{"index":"index","follow":"follow","max-snippet":"max-snippet:-1","max-image-preview":"max-image-preview:large","max-video-preview":"max-video-preview:-1"},"canonical":"https:\/\/thethorfortune.com\/pl\/aplikacja\/","og_locale":"pl_PL","og_type":"article","og_title":"Thorfortune Casino App | Pobierz na iOS i Androida","og_description":"Gdziekolwiek jeste\u015b, Twoje ulubione gry s\u0105 zawsze z Tob\u0105. Ciesz si\u0119 automatami i grami sto\u0142owymi w aplikacji mobilnej Thorfortune na iOS i Androida.","og_url":"https:\/\/thethorfortune.com\/pl\/aplikacja\/","og_site_name":"thorfortune","article_modified_time":"2026-03-04T09:06:04+00:00","twitter_card":"summary_large_image","twitter_misc":{"Est. reading time":"1 minute"},"schema":{"@context":"https:\/\/schema.org","@graph":[{"@type":"WebPage","@id":"https:\/\/thethorfortune.com\/pl\/aplikacja\/","url":"https:\/\/thethorfortune.com\/pl\/aplikacja\/","name":"Thorfortune Casino App | Pobierz na iOS i Androida","isPartOf":{"@id":"https:\/\/thethorfortune.com\/pl\/#website"},"datePublished":"2026-01-20T12:08:23+00:00","dateModified":"2026-03-04T09:06:04+00:00","description":"Gdziekolwiek jeste\u015b, Twoje ulubione gry s\u0105 zawsze z Tob\u0105. Ciesz si\u0119 automatami i grami sto\u0142owymi w aplikacji mobilnej Thorfortune na iOS i Androida.","breadcrumb":{"@id":"https:\/\/thethorfortune.com\/pl\/aplikacja\/#breadcrumb"},"inLanguage":"pl-PL","potentialAction":[{"@type":"ReadAction","target":["https:\/\/thethorfortune.com\/pl\/aplikacja\/"]}]},{"@type":"BreadcrumbList","@id":"https:\/\/thethorfortune.com\/pl\/aplikacja\/#breadcrumb","itemListElement":[{"@type":"ListItem","position":1,"name":"Thorfortune","item":"https:\/\/thethorfortune.com\/pl\/"},{"@type":"ListItem","position":2,"name":"Aplikacja"}]},{"@type":"WebSite","@id":"https:\/\/thethorfortune.com\/pl\/#website","url":"https:\/\/thethorfortune.com\/pl\/","name":"Thorfortune","description":"","publisher":{"@id":"https:\/\/thethorfortune.com\/pl\/#organization"},"potentialAction":[{"@type":"SearchAction","target":{"@type":"EntryPoint","urlTemplate":"https:\/\/thethorfortune.com\/pl\/?s={search_term_string}"},"query-input":{"@type":"PropertyValueSpecification","valueRequired":true,"valueName":"search_term_string"}}],"inLanguage":"pl-PL"},{"@type":"Organization","@id":"https:\/\/thethorfortune.com\/pl\/#organization","name":"Thorfortune","url":"https:\/\/thethorfortune.com\/pl\/","logo":{"@type":"ImageObject","inLanguage":"pl-PL","@id":"https:\/\/thethorfortune.com\/pl\/#\/schema\/logo\/image\/","url":"https:\/\/thethorfortune.com\/wp-content\/uploads\/2026\/03\/logo.png","contentUrl":"https:\/\/thethorfortune.com\/wp-content\/uploads\/2026\/03\/logo.png","width":160,"height":37,"caption":"Thorfortune"},"image":{"@id":"https:\/\/thethorfortune.com\/pl\/#\/schema\/logo\/image\/"}}]}},"_links":{"self":[{"href":"https:\/\/thethorfortune.com\/pl\/wp-json\/wp\/v2\/pages\/1447"}],"collection":[{"href":"https:\/\/thethorfortune.com\/pl\/wp-json\/wp\/v2\/pages"}],"about":[{"href":"https:\/\/thethorfortune.com\/pl\/wp-json\/wp\/v2\/types\/page"}],"author":[{"embeddable":true,"href":"https:\/\/thethorfortune.com\/pl\/wp-json\/wp\/v2\/users\/1"}],"replies":[{"embeddable":true,"href":"https:\/\/thethorfortune.com\/pl\/wp-json\/wp\/v2\/comments?post=1447"}],"version-history":[{"count":3,"href":"https:\/\/thethorfortune.com\/pl\/wp-json\/wp\/v2\/pages\/1447\/revisions"}],"predecessor-version":[{"id":2095,"href":"https:\/\/thethorfortune.com\/pl\/wp-json\/wp\/v2\/pages\/1447\/revisions\/2095"}],"wp:attachment":[{"href":"https:\/\/thethorfortune.com\/pl\/wp-json\/wp\/v2\/media?parent=1447"}],"curies":[{"name":"wp","href":"https:\/\/api.w.org\/{rel}","templated":true}]}}