{"id":1440,"date":"2026-01-20T12:08:23","date_gmt":"2026-01-20T12:08:23","guid":{"rendered":"https:\/\/bonuskongcasino.com\/app\/"},"modified":"2026-03-04T07:44:35","modified_gmt":"2026-03-04T07:44:35","slug":"app","status":"publish","type":"page","link":"https:\/\/thethorfortune.com\/fr\/app\/","title":{"rendered":"App"},"content":{"rendered":"<h1>Plateforme mobile Thorfortune<\/h1>\n<p>L&rsquo;application Thorfortune rendra votre exp\u00e9rience beaucoup plus pratique, car elle est compatible avec tous les appareils modernes et vous permet de jouer o\u00f9 que vous soyez. Que vous ayez un t\u00e9l\u00e9phone Android ou iOS, vous b\u00e9n\u00e9ficierez d&rsquo;un chargement rapide et d&rsquo;une exp\u00e9rience de jeu fluide. Toutes les fonctions, le design et la navigation vous seront familiers, car ils refl\u00e8tent le site web principal pour PC. L&rsquo;installation peut \u00eatre effectu\u00e9e rapidement, directement depuis notre site web.<\/p>\n<p><div class=\"banner-wrap\" aria-label=\"Banner\"><img src=\"https:\/\/thethorfortune.com\/wp-content\/uploads\/2026\/03\/Thorfortune-bnr-pc.webp\" class=\"w-100 d-none d-lg-block img-pc main-banner-img\" alt=\"Thorfortune banner pc\" fetchpriority=\"high\" decoding=\"async\"><img src=\"https:\/\/thethorfortune.com\/wp-content\/uploads\/2026\/03\/thorfortune-banner-mobile.webp\" class=\"w-100 d-none d-md-block d-lg-none main-banner-img\" alt=\"thorfortune banner mobile\" fetchpriority=\"high\" decoding=\"async\"><img src=\"https:\/\/thethorfortune.com\/wp-content\/uploads\/2026\/03\/thorfortune-banner-mobile.webp\" class=\"w-100 d-md-none\" alt=\"thorfortune banner mobile\" fetchpriority=\"high\" decoding=\"async\"><div class=\"banner-description\">\n<div class=\"banner-title\">Bonus de bienvenue<\/div>\n<p class=\"banner-header-title\">1500 \u20ac<\/p>\n<div class=\"banner-header-AdditionalText\">+ 250 Tours gratuits<\/div>\n<button data-item=\"homepage_banner_link\" class=\"goto m-button m-gradient-border m-button--primary m-button--large banner-button btn-orange\">\n            <div class=\"m-button-content\">\n                <span>Inscrivez-vous d\u00e8s maintenant<\/span>\n                <span><\/span>\n            <\/div>\n        <\/button>\n<\/div>\n<div class=\"WelcomePack\">\n<p><img loading=\"lazy\" decoding=\"async\" class=\"alignnone size-full wp-image-1844\" src=\"https:\/\/thethorfortune.com\/wp-content\/uploads\/2026\/03\/welcome-crown.png\" alt=\"welcome crown\" width=\"25\" height=\"26\" \/><\/p>\n<div class=\"WelcomePack-Info\">Cashback hebdomadaire jusqu&rsquo;\u00e0 25 %<\/div>\n<p><img loading=\"lazy\" decoding=\"async\" class=\"alignnone size-full wp-image-1844\" src=\"https:\/\/thethorfortune.com\/wp-content\/uploads\/2026\/03\/welcome-crown.png\" alt=\"welcome crown\" width=\"25\" height=\"26\" \/><\/p>\n<\/div>\n<\/div><div class=\"scrollable-content-wrap my-5\"><div class=\"scrollable-content-inner\"><h2>Principales fonctionnalit\u00e9s de l&rsquo;application Thorfortune<\/h2>\n<p>Une grande partie de nos joueurs pr\u00e9f\u00e8rent l&rsquo;acc\u00e8s mobile, car il permet un contr\u00f4le continu du compte et un jeu ininterrompu. Le casino mobile Thorfortune est disponible en deux formats : une version bas\u00e9e sur un navigateur et l&rsquo;application d\u00e9di\u00e9e Thorfortune con\u00e7ue comme une application web progressive (PWA). Les deux versions offrent un acc\u00e8s identique au lobby, \u00e0 la caisse, aux bonus et aux canaux d&rsquo;assistance.<\/p>\n<table>\n<tbody>\n<tr>\n<td>Fonctionnalit\u00e9<\/td>\n<td>Ce que cela signifie pour l&rsquo;utilisateur<\/td>\n<\/tr>\n<tr>\n<td>Interface optimis\u00e9e pour les appareils mobiles<\/td>\n<td>La mise en page s&rsquo;adapte \u00e0 la taille de l&rsquo;\u00e9cran avec une navigation simplifi\u00e9e et un acc\u00e8s clair aux cat\u00e9gories.<\/td>\n<\/tr>\n<tr>\n<td>Chargement rapide du jeu<\/td>\n<td>Le flux de donn\u00e9es optimis\u00e9 r\u00e9duit le temps d&rsquo;attente entre les tours.<\/td>\n<\/tr>\n<tr>\n<td>Performances stables<\/td>\n<td>Les processus en arri\u00e8re-plan sont rationalis\u00e9s pour garantir la coh\u00e9rence des sessions.<\/td>\n<\/tr>\n<tr>\n<td>Commandes tactiles<\/td>\n<td>Saisie, d\u00e9filement et placement de paris pr\u00e9cis<\/td>\n<\/tr>\n<tr>\n<td>S\u00e9curiser les sessions mobiles<\/td>\n<td>Connexion crypt\u00e9e et flux de connexion prot\u00e9g\u00e9<\/td>\n<\/tr>\n<tr>\n<td>Mises \u00e0 jour automatiques<\/td>\n<td>La derni\u00e8re version fonctionne sans mises \u00e0 jour manuelles.<\/td>\n<\/tr>\n<\/tbody>\n<\/table>\n<p>L&rsquo;application Thorfortune conserve le m\u00eame portefeuille de compte, la m\u00eame section bonus et les m\u00eames filtres de jeu que ceux disponibles sur la plateforme de bureau. Les utilisateurs n&rsquo;ont pas besoin d&rsquo;identifiants distincts ; le m\u00eame compte fonctionne sur tous les appareils.<\/p>\n<h2>Mobile vs PC : comparaison fonctionnelle<\/h2>\n<p>Alors que la version pour ordinateur de bureau reste adapt\u00e9e aux sessions prolong\u00e9es et aux \u00e9crans plus grands, l&rsquo;application Thorfortune est con\u00e7ue pour offrir flexibilit\u00e9 et acc\u00e8s rapide. La diff\u00e9rence r\u00e9side principalement dans le format plut\u00f4t que dans les fonctionnalit\u00e9s.<\/p>\n<table>\n<tbody>\n<tr>\n<td>Aspect<\/td>\n<td>Application Thorfortune<\/td>\n<td>Version PC<\/td>\n<\/tr>\n<tr>\n<td>Accessibilit\u00e9<\/td>\n<td>Acc\u00e8s instantan\u00e9 depuis l&rsquo;\u00e9cran d&rsquo;accueil<\/td>\n<td>Acc\u00e8s via un navigateur<\/td>\n<\/tr>\n<tr>\n<td>Navigation<\/td>\n<td>Cat\u00e9gories optimis\u00e9es pour le tactile<\/td>\n<td>Navigation \u00e0 l&rsquo;aide de la souris et du clavier<\/td>\n<\/tr>\n<tr>\n<td>Biblioth\u00e8que de jeux<\/td>\n<td>Acc\u00e8s complet aux machines \u00e0 sous en ligne et aux jeux de casino en direct<\/td>\n<td>Acc\u00e8s complet<\/td>\n<\/tr>\n<tr>\n<td>Paiements<\/td>\n<td>Caissier mobile int\u00e9gr\u00e9<\/td>\n<td>Caissier int\u00e9gr\u00e9 au bureau<\/td>\n<\/tr>\n<tr>\n<td>Assistance<\/td>\n<td>Chat en direct int\u00e9gr\u00e9<\/td>\n<td>Chat en direct et courriel<\/td>\n<\/tr>\n<tr>\n<td>Mises \u00e0 jour<\/td>\n<td>Automatique via PWA<\/td>\n<td>Automatique via les mises \u00e0 jour du site Web<\/td>\n<\/tr>\n<\/tbody>\n<\/table>\n<p>Les deux formats offrent la m\u00eame exp\u00e9rience de jeu en termes de bonus, de tournois, de m\u00e9thodes de d\u00e9p\u00f4t et de traitement des retraits. Le choix d\u00e9pend davantage des pr\u00e9f\u00e9rences de l&rsquo;utilisateur que de la disponibilit\u00e9 des fonctionnalit\u00e9s.<\/p>\n<\/div><\/div><div style=\"clear: both\"><\/div><div class=\"d-flex justify-content-center\"><button data-item=\"decouvrez_link\" data-group=\"website_links\" class=\"goto fw-bold rounded-pill btn btn-orange\" aria-label=\"T\u00e9l\u00e9chargez l&#039;application Thorfortune\" >T\u00e9l\u00e9chargez l&#039;application Thorfortune<\/button><\/div><div class=\"scrollable-content-wrap my-5\"><div class=\"scrollable-content-inner\"><h2>Jouer sur des appareils Android<\/h2>\n<p>L&rsquo;application Thorfortune est compatible avec les versions Android modernes et est optimis\u00e9e pour les performances mobiles. Nous avons con\u00e7u l&rsquo;interface mobile afin de r\u00e9duire les temps de chargement et de limiter l&rsquo;utilisation inutile de donn\u00e9es en arri\u00e8re-plan.<\/p>\n<p>Les commandes tactiles sont calibr\u00e9es pour une pr\u00e9cision optimale. Les utilisateurs peuvent faire tourner les rouleaux, ajuster leurs mises ou acc\u00e9der aux outils de leur compte sans aucun d\u00e9lai. M\u00eame les sessions prolong\u00e9es restent stables gr\u00e2ce \u00e0 l&rsquo;optimisation des performances et \u00e0 la simplification des couches d&rsquo;interface.<\/p>\n<p>Pour installer l&rsquo;application Thorfortune sur Android, les utilisateurs peuvent :<\/p>\n<ol>\n<li>Ouvrez notre site Web dans un navigateur mobile.<\/li>\n<li>S\u00e9lectionnez l&rsquo;option \u00ab Ajouter \u00e0 l&rsquo;\u00e9cran d&rsquo;accueil \u00bb.<\/li>\n<li>Confirmez l&rsquo;installation pour cr\u00e9er l&rsquo;ic\u00f4ne de l&rsquo;application.<\/li>\n<\/ol>\n<p>L&rsquo;installation ne n\u00e9cessite aucun t\u00e9l\u00e9chargement suppl\u00e9mentaire depuis des boutiques externes, car l&rsquo;application fonctionne comme une solution web s\u00e9curis\u00e9e.<\/p>\n<p><img loading=\"lazy\" decoding=\"async\" class=\"alignnone size-full wp-image-2004\" src=\"https:\/\/thethorfortune.com\/wp-content\/uploads\/2026\/03\/Thorfortune-Android.webp\" alt=\"Thorfortune Android\" width=\"1248\" height=\"536\" srcset=\"https:\/\/thethorfortune.com\/wp-content\/uploads\/2026\/03\/Thorfortune-Android.webp 1248w, https:\/\/thethorfortune.com\/wp-content\/uploads\/2026\/03\/Thorfortune-Android-300x129.webp 300w, https:\/\/thethorfortune.com\/wp-content\/uploads\/2026\/03\/Thorfortune-Android-1024x440.webp 1024w, https:\/\/thethorfortune.com\/wp-content\/uploads\/2026\/03\/Thorfortune-Android-768x330.webp 768w\" sizes=\"(max-width: 1248px) 100vw, 1248px\" \/><\/p>\n<\/div><\/div><div style=\"clear: both\"><\/div><div class=\"d-flex justify-content-center\"><button data-item=\"decouvrez_link\" data-group=\"website_links\" class=\"goto fw-bold rounded-pill btn btn-orange\" aria-label=\"T\u00e9l\u00e9charger Thorfortune\" >T\u00e9l\u00e9charger Thorfortune<\/button><\/div><div class=\"scrollable-content-wrap my-5\"><div class=\"scrollable-content-inner\"><h2>Acc\u00e8s mobile sur iOS<\/h2>\n<p>Pour les utilisateurs iOS, le casino mobile Thorfortune fonctionne \u00e0 la fois via un navigateur et une application PWA. L&rsquo;interface s&rsquo;adapte automatiquement \u00e0 la r\u00e9solution et \u00e0 l&rsquo;orientation de l&rsquo;\u00e9cran. Les machines \u00e0 sous en ligne, les jeux de table et les jeux de casino en direct se chargent dans un format adapt\u00e9 aux mobiles sans supprimer les fonctionnalit\u00e9s disponibles sur ordinateur.<\/p>\n<p>L&rsquo;inscription, les d\u00e9p\u00f4ts, les retraits et l&rsquo;activation des bonus sont enti\u00e8rement pris en charge dans l&rsquo;application Thorfortune. Les utilisateurs peuvent \u00e9galement effectuer le processus de v\u00e9rification directement depuis leur appareil mobile, y compris le t\u00e9l\u00e9chargement de documents si n\u00e9cessaire.<\/p>\n<p>Le processus d&rsquo;installation refl\u00e8te les \u00e9tapes standard de configuration d&rsquo;une PWA et permet \u00e0 l&rsquo;ic\u00f4ne Thorfortune d&rsquo;appara\u00eetre sur l&rsquo;\u00e9cran d&rsquo;accueil en quelques secondes.<\/p>\n<p><img loading=\"lazy\" decoding=\"async\" class=\"alignnone size-full wp-image-2020\" src=\"https:\/\/thethorfortune.com\/wp-content\/uploads\/2026\/03\/Thorfortune-iOS.webp\" alt=\"Thorfortune iOS\" width=\"1248\" height=\"536\" srcset=\"https:\/\/thethorfortune.com\/wp-content\/uploads\/2026\/03\/Thorfortune-iOS.webp 1248w, https:\/\/thethorfortune.com\/wp-content\/uploads\/2026\/03\/Thorfortune-iOS-300x129.webp 300w, https:\/\/thethorfortune.com\/wp-content\/uploads\/2026\/03\/Thorfortune-iOS-1024x440.webp 1024w, https:\/\/thethorfortune.com\/wp-content\/uploads\/2026\/03\/Thorfortune-iOS-768x330.webp 768w\" sizes=\"(max-width: 1248px) 100vw, 1248px\" \/><\/p>\n<\/div><\/div><div style=\"clear: both\"><\/div><div class=\"d-flex justify-content-center\"><button data-item=\"decouvrez_link\" data-group=\"website_links\" class=\"goto fw-bold rounded-pill btn btn-orange\" aria-label=\"T\u00e9l\u00e9chargez l&#039;application Thorfortune\" >T\u00e9l\u00e9chargez l&#039;application Thorfortune<\/button><\/div><div class=\"scrollable-content-wrap my-5\"><div class=\"scrollable-content-inner\"><h2>S\u00e9curit\u00e9 et protection des donn\u00e9es dans l&rsquo;application Thorfortune<\/h2>\n<p>Les normes de s\u00e9curit\u00e9 du casino mobile Thorfortune correspondent \u00e0 celles appliqu\u00e9es sur les ordinateurs de bureau. Toutes les sessions sont prot\u00e9g\u00e9es par des connexions crypt\u00e9es et les identifiants de connexion sont trait\u00e9s par des syst\u00e8mes d&rsquo;authentification s\u00e9curis\u00e9s. Nous utilisons des outils de surveillance pour d\u00e9tecter les comportements irr\u00e9guliers sur les comptes et emp\u00eacher les tentatives d&rsquo;acc\u00e8s non autoris\u00e9es.<\/p>\n<p>Le processus de v\u00e9rification est obligatoire avant le premier retrait et peut \u00eatre effectu\u00e9 depuis l&rsquo;interface mobile. Cela garantit que les transactions restent prot\u00e9g\u00e9es et li\u00e9es \u00e0 des comptes v\u00e9rifi\u00e9s.<\/p>\n<p>Les joueurs qui ont besoin d&rsquo;\u00e9claircissements concernant la s\u00e9curit\u00e9 de leur compte ou les paiements peuvent contacter notre \u00e9quipe d&rsquo;assistance via le chat en direct \u00e0 tout moment. La fonction de chat en direct est int\u00e9gr\u00e9e directement dans l&rsquo;application, ce qui permet d&rsquo;obtenir une assistance en temps r\u00e9el sans quitter l&rsquo;environnement de jeu.<\/p>\n<h2>Acc\u00e8s au bureau via Thorfortune<\/h2>\n<p>Vous pouvez profiter d&rsquo;une exp\u00e9rience fluide en jouant sur Thorfortune depuis votre PC ou votre ordinateur portable. Les utilisateurs n&rsquo;ont pas besoin d&rsquo;installer de logiciel suppl\u00e9mentaire. Notre site web est accessible depuis n&rsquo;importe quel navigateur moderne. Pour acc\u00e9der \u00e0 toutes les fonctionnalit\u00e9s disponibles, connectez-vous \u00e0 votre compte et commencez \u00e0 jouer.<\/p>\n<p>Si vous souhaitez acc\u00e9der \u00e0 notre site web en un seul clic, vous pouvez installer une ic\u00f4ne de raccourci sur le bureau de votre \u00e9cran d&rsquo;accueil. Pour ce faire, vous devez vous rendre dans les param\u00e8tres de votre navigateur. Si vous rencontrez des difficult\u00e9s pour installer l&rsquo;ic\u00f4ne Thorfortune, contactez notre \u00e9quipe d&rsquo;assistance via le chat en direct ou par e-mail.<\/p>\n<p><img loading=\"lazy\" decoding=\"async\" class=\"alignnone size-full wp-image-2012\" src=\"https:\/\/thethorfortune.com\/wp-content\/uploads\/2026\/03\/Thorfortune-Desktop.webp\" alt=\"Thorfortune Desktop\" width=\"1248\" height=\"536\" srcset=\"https:\/\/thethorfortune.com\/wp-content\/uploads\/2026\/03\/Thorfortune-Desktop.webp 1248w, https:\/\/thethorfortune.com\/wp-content\/uploads\/2026\/03\/Thorfortune-Desktop-300x129.webp 300w, https:\/\/thethorfortune.com\/wp-content\/uploads\/2026\/03\/Thorfortune-Desktop-1024x440.webp 1024w, https:\/\/thethorfortune.com\/wp-content\/uploads\/2026\/03\/Thorfortune-Desktop-768x330.webp 768w\" sizes=\"(max-width: 1248px) 100vw, 1248px\" \/><\/p>\n<\/div><\/div><div style=\"clear: both\"><\/div><div class=\"d-flex justify-content-center\"><button data-item=\"decouvrez_link\" data-group=\"website_links\" class=\"goto fw-bold rounded-pill btn btn-orange\" aria-label=\"T\u00e9l\u00e9charger Thorfortune\" >T\u00e9l\u00e9charger Thorfortune<\/button><\/div><div class=\"scrollable-content-wrap my-5\"><div class=\"scrollable-content-inner\"><h2>FAQ<\/h2>\n<h3>Puis-je jouer \u00e0 des jeux de casino en direct sur l&rsquo;application Thorfortune ?<\/h3>\n<p>Oui. L&rsquo;int\u00e9gralit\u00e9 de la biblioth\u00e8que de jeux, y compris les jeux de casino en direct, est disponible via le casino mobile Thorfortune. Tous les titres sont optimis\u00e9s pour les commandes tactiles et les \u00e9crans plus petits.<\/p>\n<h3>L&rsquo;inscription est-elle disponible dans l&rsquo;application Thorfortune ?<\/h3>\n<p>Oui. Les nouveaux utilisateurs peuvent cr\u00e9er un compte directement via l&rsquo;interface de l&rsquo;application. Avant d&rsquo;effectuer le premier retrait, le processus de v\u00e9rification doit \u00eatre termin\u00e9.<\/p>\n<h3>Comment les mises \u00e0 jour sont-elles g\u00e9r\u00e9es ?<\/h3>\n<p>L&rsquo;application Thorfortune fonctionne comme une application web progressive, ce qui signifie que les mises \u00e0 jour sont appliqu\u00e9es automatiquement lorsque la plateforme est actualis\u00e9e. Aucun t\u00e9l\u00e9chargement manuel n&rsquo;est n\u00e9cessaire.<\/p>\n<\/div><\/div><\/p>\n","protected":false},"excerpt":{"rendered":"<p>Plateforme mobile Thorfortune L&rsquo;application Thorfortune rendra votre exp\u00e9rience beaucoup plus pratique, car elle est compatible avec tous les appareils modernes et vous permet de jouer o\u00f9 que vous soyez. Que vous ayez un t\u00e9l\u00e9phone Android ou iOS, vous b\u00e9n\u00e9ficierez d&rsquo;un chargement rapide et d&rsquo;une exp\u00e9rience de jeu fluide. Toutes les fonctions, le design et la [&hellip;]<\/p>\n","protected":false},"author":1,"featured_media":0,"parent":0,"menu_order":0,"comment_status":"closed","ping_status":"closed","template":"template-builder.php","meta":{"_acf_changed":false,"inline_featured_image":false,"footnotes":""},"class_list":["post-1440","page","type-page","status-publish","hentry"],"acf":[],"yoast_head":"<!-- This site is optimized with the Yoast SEO plugin v24.4 - https:\/\/yoast.com\/wordpress\/plugins\/seo\/ -->\n<title>Thorfortune Casino Application | T\u00e9l\u00e9charger pour iOS et Android<\/title>\n<meta name=\"description\" content=\"O\u00f9 que vous alliez, vos jeux pr\u00e9f\u00e9r\u00e9s vous accompagnent. Profitez des machines \u00e0 sous et des jeux de table sur l&#039;application mobile Thorfortune pour iOS et Android.\" \/>\n<meta name=\"robots\" content=\"index, follow, max-snippet:-1, max-image-preview:large, max-video-preview:-1\" \/>\n<link rel=\"canonical\" href=\"https:\/\/thethorfortune.com\/fr\/app\/\" \/>\n<meta property=\"og:locale\" content=\"fr_FR\" \/>\n<meta property=\"og:type\" content=\"article\" \/>\n<meta property=\"og:title\" content=\"Thorfortune Casino Application | T\u00e9l\u00e9charger pour iOS et Android\" \/>\n<meta property=\"og:description\" content=\"O\u00f9 que vous alliez, vos jeux pr\u00e9f\u00e9r\u00e9s vous accompagnent. Profitez des machines \u00e0 sous et des jeux de table sur l&#039;application mobile Thorfortune pour iOS et Android.\" \/>\n<meta property=\"og:url\" content=\"https:\/\/thethorfortune.com\/fr\/app\/\" \/>\n<meta property=\"og:site_name\" content=\"thorfortune\" \/>\n<meta property=\"article:modified_time\" content=\"2026-03-04T07:44:35+00:00\" \/>\n<meta name=\"twitter:card\" content=\"summary_large_image\" \/>\n<meta name=\"twitter:label1\" content=\"Dur\u00e9e de lecture estim\u00e9e\" \/>\n\t<meta name=\"twitter:data1\" content=\"1 minute\" \/>\n<script type=\"application\/ld+json\" class=\"yoast-schema-graph\">{\"@context\":\"https:\/\/schema.org\",\"@graph\":[{\"@type\":\"WebPage\",\"@id\":\"https:\/\/thethorfortune.com\/fr\/app\/\",\"url\":\"https:\/\/thethorfortune.com\/fr\/app\/\",\"name\":\"Thorfortune Casino Application | T\u00e9l\u00e9charger pour iOS et Android\",\"isPartOf\":{\"@id\":\"https:\/\/thethorfortune.com\/fr\/#website\"},\"datePublished\":\"2026-01-20T12:08:23+00:00\",\"dateModified\":\"2026-03-04T07:44:35+00:00\",\"description\":\"O\u00f9 que vous alliez, vos jeux pr\u00e9f\u00e9r\u00e9s vous accompagnent. Profitez des machines \u00e0 sous et des jeux de table sur l'application mobile Thorfortune pour iOS et Android.\",\"breadcrumb\":{\"@id\":\"https:\/\/thethorfortune.com\/fr\/app\/#breadcrumb\"},\"inLanguage\":\"fr-FR\",\"potentialAction\":[{\"@type\":\"ReadAction\",\"target\":[\"https:\/\/thethorfortune.com\/fr\/app\/\"]}]},{\"@type\":\"BreadcrumbList\",\"@id\":\"https:\/\/thethorfortune.com\/fr\/app\/#breadcrumb\",\"itemListElement\":[{\"@type\":\"ListItem\",\"position\":1,\"name\":\"Thorfortune\",\"item\":\"https:\/\/thethorfortune.com\/fr\/\"},{\"@type\":\"ListItem\",\"position\":2,\"name\":\"App\"}]},{\"@type\":\"WebSite\",\"@id\":\"https:\/\/thethorfortune.com\/fr\/#website\",\"url\":\"https:\/\/thethorfortune.com\/fr\/\",\"name\":\"Thorfortune\",\"description\":\"\",\"publisher\":{\"@id\":\"https:\/\/thethorfortune.com\/fr\/#organization\"},\"potentialAction\":[{\"@type\":\"SearchAction\",\"target\":{\"@type\":\"EntryPoint\",\"urlTemplate\":\"https:\/\/thethorfortune.com\/fr\/?s={search_term_string}\"},\"query-input\":{\"@type\":\"PropertyValueSpecification\",\"valueRequired\":true,\"valueName\":\"search_term_string\"}}],\"inLanguage\":\"fr-FR\"},{\"@type\":\"Organization\",\"@id\":\"https:\/\/thethorfortune.com\/fr\/#organization\",\"name\":\"Thorfortune\",\"url\":\"https:\/\/thethorfortune.com\/fr\/\",\"logo\":{\"@type\":\"ImageObject\",\"inLanguage\":\"fr-FR\",\"@id\":\"https:\/\/thethorfortune.com\/fr\/#\/schema\/logo\/image\/\",\"url\":\"https:\/\/thethorfortune.com\/wp-content\/uploads\/2026\/03\/logo.png\",\"contentUrl\":\"https:\/\/thethorfortune.com\/wp-content\/uploads\/2026\/03\/logo.png\",\"width\":160,\"height\":37,\"caption\":\"Thorfortune\"},\"image\":{\"@id\":\"https:\/\/thethorfortune.com\/fr\/#\/schema\/logo\/image\/\"}}]}<\/script>\n<!-- \/ Yoast SEO plugin. -->","yoast_head_json":{"title":"Thorfortune Casino Application | T\u00e9l\u00e9charger pour iOS et Android","description":"O\u00f9 que vous alliez, vos jeux pr\u00e9f\u00e9r\u00e9s vous accompagnent. Profitez des machines \u00e0 sous et des jeux de table sur l'application mobile Thorfortune pour iOS et Android.","robots":{"index":"index","follow":"follow","max-snippet":"max-snippet:-1","max-image-preview":"max-image-preview:large","max-video-preview":"max-video-preview:-1"},"canonical":"https:\/\/thethorfortune.com\/fr\/app\/","og_locale":"fr_FR","og_type":"article","og_title":"Thorfortune Casino Application | T\u00e9l\u00e9charger pour iOS et Android","og_description":"O\u00f9 que vous alliez, vos jeux pr\u00e9f\u00e9r\u00e9s vous accompagnent. Profitez des machines \u00e0 sous et des jeux de table sur l'application mobile Thorfortune pour iOS et Android.","og_url":"https:\/\/thethorfortune.com\/fr\/app\/","og_site_name":"thorfortune","article_modified_time":"2026-03-04T07:44:35+00:00","twitter_card":"summary_large_image","twitter_misc":{"Dur\u00e9e de lecture estim\u00e9e":"1 minute"},"schema":{"@context":"https:\/\/schema.org","@graph":[{"@type":"WebPage","@id":"https:\/\/thethorfortune.com\/fr\/app\/","url":"https:\/\/thethorfortune.com\/fr\/app\/","name":"Thorfortune Casino Application | T\u00e9l\u00e9charger pour iOS et Android","isPartOf":{"@id":"https:\/\/thethorfortune.com\/fr\/#website"},"datePublished":"2026-01-20T12:08:23+00:00","dateModified":"2026-03-04T07:44:35+00:00","description":"O\u00f9 que vous alliez, vos jeux pr\u00e9f\u00e9r\u00e9s vous accompagnent. Profitez des machines \u00e0 sous et des jeux de table sur l'application mobile Thorfortune pour iOS et Android.","breadcrumb":{"@id":"https:\/\/thethorfortune.com\/fr\/app\/#breadcrumb"},"inLanguage":"fr-FR","potentialAction":[{"@type":"ReadAction","target":["https:\/\/thethorfortune.com\/fr\/app\/"]}]},{"@type":"BreadcrumbList","@id":"https:\/\/thethorfortune.com\/fr\/app\/#breadcrumb","itemListElement":[{"@type":"ListItem","position":1,"name":"Thorfortune","item":"https:\/\/thethorfortune.com\/fr\/"},{"@type":"ListItem","position":2,"name":"App"}]},{"@type":"WebSite","@id":"https:\/\/thethorfortune.com\/fr\/#website","url":"https:\/\/thethorfortune.com\/fr\/","name":"Thorfortune","description":"","publisher":{"@id":"https:\/\/thethorfortune.com\/fr\/#organization"},"potentialAction":[{"@type":"SearchAction","target":{"@type":"EntryPoint","urlTemplate":"https:\/\/thethorfortune.com\/fr\/?s={search_term_string}"},"query-input":{"@type":"PropertyValueSpecification","valueRequired":true,"valueName":"search_term_string"}}],"inLanguage":"fr-FR"},{"@type":"Organization","@id":"https:\/\/thethorfortune.com\/fr\/#organization","name":"Thorfortune","url":"https:\/\/thethorfortune.com\/fr\/","logo":{"@type":"ImageObject","inLanguage":"fr-FR","@id":"https:\/\/thethorfortune.com\/fr\/#\/schema\/logo\/image\/","url":"https:\/\/thethorfortune.com\/wp-content\/uploads\/2026\/03\/logo.png","contentUrl":"https:\/\/thethorfortune.com\/wp-content\/uploads\/2026\/03\/logo.png","width":160,"height":37,"caption":"Thorfortune"},"image":{"@id":"https:\/\/thethorfortune.com\/fr\/#\/schema\/logo\/image\/"}}]}},"_links":{"self":[{"href":"https:\/\/thethorfortune.com\/fr\/wp-json\/wp\/v2\/pages\/1440"}],"collection":[{"href":"https:\/\/thethorfortune.com\/fr\/wp-json\/wp\/v2\/pages"}],"about":[{"href":"https:\/\/thethorfortune.com\/fr\/wp-json\/wp\/v2\/types\/page"}],"author":[{"embeddable":true,"href":"https:\/\/thethorfortune.com\/fr\/wp-json\/wp\/v2\/users\/1"}],"replies":[{"embeddable":true,"href":"https:\/\/thethorfortune.com\/fr\/wp-json\/wp\/v2\/comments?post=1440"}],"version-history":[{"count":3,"href":"https:\/\/thethorfortune.com\/fr\/wp-json\/wp\/v2\/pages\/1440\/revisions"}],"predecessor-version":[{"id":2063,"href":"https:\/\/thethorfortune.com\/fr\/wp-json\/wp\/v2\/pages\/1440\/revisions\/2063"}],"wp:attachment":[{"href":"https:\/\/thethorfortune.com\/fr\/wp-json\/wp\/v2\/media?parent=1440"}],"curies":[{"name":"wp","href":"https:\/\/api.w.org\/{rel}","templated":true}]}}