{"id":1487,"date":"2026-01-20T12:11:11","date_gmt":"2026-01-20T12:11:11","guid":{"rendered":"https:\/\/bonuskongcasino.com\/login-and-registration\/"},"modified":"2026-03-04T09:20:27","modified_gmt":"2026-03-04T09:20:27","slug":"inicio-de-sesion-y-registro","status":"publish","type":"page","link":"https:\/\/thethorfortune.com\/es\/inicio-de-sesion-y-registro\/","title":{"rendered":"Inicio de sesi\u00f3n y Registro"},"content":{"rendered":"<h1>Inicio de sesi\u00f3n y registro en la cuenta Thorfortune<\/h1>\n<p>Al completar el proceso de inicio de sesi\u00f3n en Thorfortune, obtendr\u00e1 acceso completo a nuestra plataforma y desbloquear\u00e1 todas las funciones principales de la cuenta. Sin registrarse, el acceso se limita a t\u00edtulos de demostraci\u00f3n seleccionados y p\u00e1ginas de informaci\u00f3n general. Una vez creada la cuenta, los usuarios pueden gestionar dep\u00f3sitos, activar bonificaciones, ponerse en contacto con nuestro equipo de asistencia y acceder al cat\u00e1logo completo de juegos a trav\u00e9s de un perfil seguro.<\/p>\n<p><div class=\"banner-wrap\" aria-label=\"Banner\"><img src=\"https:\/\/thethorfortune.com\/wp-content\/uploads\/2026\/03\/Thorfortune-bnr-pc.webp\" class=\"w-100 d-none d-lg-block img-pc main-banner-img\" alt=\"Thorfortune banner pc\" fetchpriority=\"high\" decoding=\"async\"><img src=\"https:\/\/thethorfortune.com\/wp-content\/uploads\/2026\/03\/thorfortune-banner-mobile.webp\" class=\"w-100 d-none d-md-block d-lg-none main-banner-img\" alt=\"thorfortune banner mobile\" fetchpriority=\"high\" decoding=\"async\"><img src=\"https:\/\/thethorfortune.com\/wp-content\/uploads\/2026\/03\/thorfortune-banner-mobile.webp\" class=\"w-100 d-md-none\" alt=\"thorfortune banner mobile\" fetchpriority=\"high\" decoding=\"async\"><div class=\"banner-description\">\n<div class=\"banner-title\">Bonos de bienvenida<\/div>\n<p class=\"banner-header-title\">1500 \u20ac<\/p>\n<div class=\"banner-header-AdditionalText\">+ 250 Tiradas gratis<\/div>\n<button data-item=\"homepage_banner_link\" class=\"goto m-button m-gradient-border m-button--primary m-button--large banner-button btn-orange\">\n            <div class=\"m-button-content\">\n                <span>Reg\u00edstrate ahora<\/span>\n                <span><\/span>\n            <\/div>\n        <\/button>\n<\/div>\n<div class=\"WelcomePack\">\n<p><img loading=\"lazy\" decoding=\"async\" class=\"alignnone size-full wp-image-1849\" src=\"https:\/\/thethorfortune.com\/wp-content\/uploads\/2026\/03\/welcome-crown.png\" alt=\"welcome crown\" width=\"25\" height=\"26\" \/><\/p>\n<div class=\"WelcomePack-Info\">Reembolso semanal de hasta el 25 %<\/div>\n<p><img loading=\"lazy\" decoding=\"async\" class=\"alignnone size-full wp-image-1849\" src=\"https:\/\/thethorfortune.com\/wp-content\/uploads\/2026\/03\/welcome-crown.png\" alt=\"welcome crown\" width=\"25\" height=\"26\" \/><\/p>\n<\/div>\n<\/div><div class=\"scrollable-content-wrap my-5\"><div class=\"scrollable-content-inner\"><h2>\u00bfQu\u00e9 ofrece el registro en Thorfortune Casino?<\/h2>\n<p>Crear una cuenta en Thorfortune Casino permite a los usuarios mayores de 18 a\u00f1os pasar del acceso a la versi\u00f3n demo al juego con dinero real. El registro conecta al jugador con todo el entorno del casino online, incluyendo tragamonedas online, juegos de casino en vivo, activaci\u00f3n de bonos y gesti\u00f3n de transacciones.<\/p>\n<p>Un perfil activo permite a los usuarios:<\/p>\n<ul>\n<li>Deposita y retira fondos a trav\u00e9s del cajero.<\/li>\n<li>Sigue las bonificaciones y el progreso de las apuestas.<\/li>\n<li>Acceder a campa\u00f1as promocionales<\/li>\n<li>Comun\u00edquese con nuestro equipo de asistencia t\u00e9cnica a trav\u00e9s del chat en vivo o por correo electr\u00f3nico.<\/li>\n<li>Gestionar la configuraci\u00f3n personal y las herramientas de seguridad<\/li>\n<\/ul>\n<p>Cada usuario puede mantener una sola cuenta. Esta pol\u00edtica garantiza registros de transacciones claros, un seguimiento preciso de las bonificaciones y la correcta finalizaci\u00f3n del proceso de verificaci\u00f3n cuando sea necesario.<\/p>\n<h3>Gu\u00eda paso a paso para registrarse<\/h3>\n<p>La creaci\u00f3n de una cuenta en Thorfortune Casino est\u00e1 dise\u00f1ada para completarse en cuesti\u00f3n de minutos. Durante la primera etapa, solicitamos una direcci\u00f3n de correo electr\u00f3nico y una contrase\u00f1a segura. Se puede proporcionar informaci\u00f3n adicional sobre el perfil despu\u00e9s de iniciar sesi\u00f3n en el panel de control de la cuenta.<\/p>\n<p>Para registrar una cuenta:<\/p>\n<ol>\n<li>Abre la p\u00e1gina de inicio de Thorfortune Casino.<\/li>\n<li>Seleccione la opci\u00f3n de registro situada en la interfaz principal.<\/li>\n<li>Introduce tu direcci\u00f3n de correo electr\u00f3nico y crea una contrase\u00f1a segura utilizando una combinaci\u00f3n de caracteres.<\/li>\n<li>Aplica un c\u00f3digo promocional si est\u00e1 disponible.<\/li>\n<li>Confirma tu edad y acepta los t\u00e9rminos de la plataforma.<\/li>\n<li>Completa el proceso para activar tu perfil.<\/li>\n<\/ol>\n<p>Toda la informaci\u00f3n proporcionada durante el registro debe ser precisa. Antes del primer retiro, el proceso de verificaci\u00f3n requiere la confirmaci\u00f3n de la identidad y la titularidad del pago. Proporcionar datos correctos desde el principio garantiza una validaci\u00f3n fluida de la cuenta.<\/p>\n<p><img loading=\"lazy\" decoding=\"async\" class=\"alignnone size-full wp-image-2033\" src=\"https:\/\/thethorfortune.com\/wp-content\/uploads\/2026\/03\/Thorfortune-login-page.webp\" alt=\"Thorfortune login page\" width=\"1248\" height=\"536\" srcset=\"https:\/\/thethorfortune.com\/wp-content\/uploads\/2026\/03\/Thorfortune-login-page.webp 1248w, https:\/\/thethorfortune.com\/wp-content\/uploads\/2026\/03\/Thorfortune-login-page-300x129.webp 300w, https:\/\/thethorfortune.com\/wp-content\/uploads\/2026\/03\/Thorfortune-login-page-1024x440.webp 1024w, https:\/\/thethorfortune.com\/wp-content\/uploads\/2026\/03\/Thorfortune-login-page-768x330.webp 768w\" sizes=\"(max-width: 1248px) 100vw, 1248px\" \/><\/p>\n<h2>Proceso de inicio de sesi\u00f3n en Thorfortune<\/h2>\n<p>Despu\u00e9s de registrarse, los usuarios que vuelven pueden acceder a su perfil a trav\u00e9s de la p\u00e1gina de inicio de sesi\u00f3n de Thorfortune. Para iniciar sesi\u00f3n, necesitas las mismas credenciales que usaste al registrarte: direcci\u00f3n de correo electr\u00f3nico y contrase\u00f1a. Cada sesi\u00f3n est\u00e1 protegida por sistemas de autenticaci\u00f3n seguros, y puedes activar la autenticaci\u00f3n de dos factores (2FA) opcional en la configuraci\u00f3n de la cuenta para tener m\u00e1s protecci\u00f3n.<\/p>\n<p>Si se producen problemas de inicio de sesi\u00f3n, los usuarios pueden consultar la gu\u00eda estructurada que se incluye a continuaci\u00f3n.<\/p>\n<table>\n<tbody>\n<tr>\n<td>Problema<\/td>\n<td>Soluci\u00f3n<\/td>\n<\/tr>\n<tr>\n<td>Contrase\u00f1a incorrecta<\/td>\n<td>Utilice la opci\u00f3n de recuperaci\u00f3n de contrase\u00f1a para restablecer las credenciales por correo electr\u00f3nico.<\/td>\n<\/tr>\n<tr>\n<td>Cuenta bloqueada temporalmente<\/td>\n<td>Espere a que se desbloquee autom\u00e1ticamente o p\u00f3ngase en contacto con el equipo de asistencia t\u00e9cnica.<\/td>\n<\/tr>\n<tr>\n<td>Cierre de sesi\u00f3n autom\u00e1tico<\/td>\n<td>Vuelva a introducir las credenciales; las sesiones caducan tras un periodo de inactividad.<\/td>\n<\/tr>\n<tr>\n<td>Problemas con el navegador o la cach\u00e9<\/td>\n<td>Borra la cach\u00e9, habilita las cookies o actualiza el navegador.<\/td>\n<\/tr>\n<tr>\n<td>El c\u00f3digo 2FA ha caducado.<\/td>\n<td>Solicite e introduzca un nuevo c\u00f3digo de autenticaci\u00f3n.<\/td>\n<\/tr>\n<\/tbody>\n<\/table>\n<h3>Configuraci\u00f3n del perfil de Thorfortune<\/h3>\n<p>El inicio de sesi\u00f3n en Thorfortune ofrece mucho m\u00e1s que acceso a los juegos. El panel de control del perfil incluye herramientas estructuradas de gesti\u00f3n de cuentas que garantizan la transparencia y la seguridad.<\/p>\n<p>Dentro de la cuenta, los usuarios pueden:<\/p>\n<ul>\n<li>Revisar el historial de saldos y los registros de transacciones.<\/li>\n<li>Supervisar la actividad de los dep\u00f3sitos, las ganancias y las p\u00e9rdidas.<\/li>\n<li>Sigue las bonificaciones activas y el estado de las apuestas.<\/li>\n<li>Actualizar datos personales<\/li>\n<li>Activar herramientas de juego responsable<\/li>\n<li>Habilitar o gestionar la autenticaci\u00f3n de dos factores<\/li>\n<\/ul>\n<p>Todas las operaciones financieras, incluidas las solicitudes de dep\u00f3sito y retirada, se procesan a trav\u00e9s de la interfaz de la cuenta. Este sistema centralizado garantiza un seguimiento constante y facilita la comunicaci\u00f3n en caso de que se necesite asistencia.<\/p>\n<h2>Seguridad de la informaci\u00f3n personal<\/h2>\n<p>Las medidas de seguridad est\u00e1n integradas en cada sesi\u00f3n de inicio de sesi\u00f3n de Thorfortune. Utilizamos conexiones cifradas y protocolos de autenticaci\u00f3n seguros para proteger los datos personales y financieros. Los sistemas de supervisi\u00f3n de cuentas rastrean patrones de actividad inusuales y activan alertas si se detecta un comportamiento irregular.<\/p>\n<p>Los usuarios pueden mejorar la protecci\u00f3n habilitando la autenticaci\u00f3n de dos factores. Esto a\u00f1ade un paso de verificaci\u00f3n adicional durante los intentos de inicio de sesi\u00f3n y reduce el riesgo de acceso no autorizado.<\/p>\n<p>Adem\u00e1s, ofrecemos asistencia multiling\u00fce en toda la plataforma para garantizar que los usuarios comprendan claramente las instrucciones de la cuenta, los pasos de pago y los requisitos de verificaci\u00f3n. Nuestro equipo de asistencia est\u00e1 disponible a trav\u00e9s del chat en vivo y el correo electr\u00f3nico para cualquier aclaraci\u00f3n relacionada con la seguridad o la gesti\u00f3n de la cuenta.<\/p>\n<h2>FAQ<\/h2>\n<h3>\u00bfEs necesario realizar el proceso de verificaci\u00f3n inmediatamente despu\u00e9s del registro?<\/h3>\n<p>La verificaci\u00f3n es obligatoria antes de la primera solicitud de retirada. Los usuarios deben subir documentos para confirmar su identidad y la titularidad del pago.<\/p>\n<h3>\u00bfSe puede compartir una cuenta entre varias personas?<\/h3>\n<p>No. Cada perfil en Thorfortune Casino debe pertenecer a una sola persona. La informaci\u00f3n personal y de pago debe coincidir con la del titular de la cuenta registrada.<\/p>\n<h3>\u00bfSe pueden actualizar los datos personales despu\u00e9s del registro?<\/h3>\n<p>S\u00ed. La mayor parte de la informaci\u00f3n del perfil se puede editar en el panel de control de la cuenta. Por motivos de seguridad, algunos cambios pueden requerir la confirmaci\u00f3n de la identidad.<\/p>\n<\/div><\/div><\/p>\n","protected":false},"excerpt":{"rendered":"<p>Inicio de sesi\u00f3n y registro en la cuenta Thorfortune Al completar el proceso de inicio de sesi\u00f3n en Thorfortune, obtendr\u00e1 acceso completo a nuestra plataforma y desbloquear\u00e1 todas las funciones principales de la cuenta. Sin registrarse, el acceso se limita a t\u00edtulos de demostraci\u00f3n seleccionados y p\u00e1ginas de informaci\u00f3n general. Una vez creada la cuenta, [&hellip;]<\/p>\n","protected":false},"author":1,"featured_media":0,"parent":0,"menu_order":0,"comment_status":"closed","ping_status":"closed","template":"template-builder.php","meta":{"_acf_changed":false,"inline_featured_image":false,"footnotes":""},"class_list":["post-1487","page","type-page","status-publish","hentry"],"acf":[],"yoast_head":"<!-- This site is optimized with the Yoast SEO plugin v24.4 - https:\/\/yoast.com\/wordpress\/plugins\/seo\/ -->\n<title>Thorfortune Login| Registro y gesti\u00f3n de cuentas<\/title>\n<meta name=\"description\" content=\"Empieza con un inicio de sesi\u00f3n en Thorfortune. Los nuevos usuarios pueden registrarse f\u00e1cilmente, y los jugadores existentes pueden volver en cualquier momento para gestionar su cuenta y ponerse en contacto con el servicio de asistencia las 24 horas del d\u00eda, los 7 d\u00edas de la semana.\" \/>\n<meta name=\"robots\" content=\"index, follow, max-snippet:-1, max-image-preview:large, max-video-preview:-1\" \/>\n<link rel=\"canonical\" href=\"https:\/\/thethorfortune.com\/es\/inicio-de-sesion-y-registro\/\" \/>\n<meta property=\"og:locale\" content=\"es_ES\" \/>\n<meta property=\"og:type\" content=\"article\" \/>\n<meta property=\"og:title\" content=\"Thorfortune Login| Registro y gesti\u00f3n de cuentas\" \/>\n<meta property=\"og:description\" content=\"Empieza con un inicio de sesi\u00f3n en Thorfortune. Los nuevos usuarios pueden registrarse f\u00e1cilmente, y los jugadores existentes pueden volver en cualquier momento para gestionar su cuenta y ponerse en contacto con el servicio de asistencia las 24 horas del d\u00eda, los 7 d\u00edas de la semana.\" \/>\n<meta property=\"og:url\" content=\"https:\/\/thethorfortune.com\/es\/inicio-de-sesion-y-registro\/\" \/>\n<meta property=\"og:site_name\" content=\"thorfortune\" \/>\n<meta property=\"article:modified_time\" content=\"2026-03-04T09:20:27+00:00\" \/>\n<meta name=\"twitter:card\" content=\"summary_large_image\" \/>\n<meta name=\"twitter:label1\" content=\"Est. reading time\" \/>\n\t<meta name=\"twitter:data1\" content=\"1 minute\" \/>\n<script type=\"application\/ld+json\" class=\"yoast-schema-graph\">{\"@context\":\"https:\/\/schema.org\",\"@graph\":[{\"@type\":\"WebPage\",\"@id\":\"https:\/\/thethorfortune.com\/es\/inicio-de-sesion-y-registro\/\",\"url\":\"https:\/\/thethorfortune.com\/es\/inicio-de-sesion-y-registro\/\",\"name\":\"Thorfortune Login| Registro y gesti\u00f3n de cuentas\",\"isPartOf\":{\"@id\":\"https:\/\/thethorfortune.com\/es\/#website\"},\"datePublished\":\"2026-01-20T12:11:11+00:00\",\"dateModified\":\"2026-03-04T09:20:27+00:00\",\"description\":\"Empieza con un inicio de sesi\u00f3n en Thorfortune. Los nuevos usuarios pueden registrarse f\u00e1cilmente, y los jugadores existentes pueden volver en cualquier momento para gestionar su cuenta y ponerse en contacto con el servicio de asistencia las 24 horas del d\u00eda, los 7 d\u00edas de la semana.\",\"breadcrumb\":{\"@id\":\"https:\/\/thethorfortune.com\/es\/inicio-de-sesion-y-registro\/#breadcrumb\"},\"inLanguage\":\"es-ES\",\"potentialAction\":[{\"@type\":\"ReadAction\",\"target\":[\"https:\/\/thethorfortune.com\/es\/inicio-de-sesion-y-registro\/\"]}]},{\"@type\":\"BreadcrumbList\",\"@id\":\"https:\/\/thethorfortune.com\/es\/inicio-de-sesion-y-registro\/#breadcrumb\",\"itemListElement\":[{\"@type\":\"ListItem\",\"position\":1,\"name\":\"Thorfortune\",\"item\":\"https:\/\/thethorfortune.com\/es\/\"},{\"@type\":\"ListItem\",\"position\":2,\"name\":\"Inicio de sesi\u00f3n y Registro\"}]},{\"@type\":\"WebSite\",\"@id\":\"https:\/\/thethorfortune.com\/es\/#website\",\"url\":\"https:\/\/thethorfortune.com\/es\/\",\"name\":\"Thorfortune\",\"description\":\"\",\"publisher\":{\"@id\":\"https:\/\/thethorfortune.com\/es\/#organization\"},\"potentialAction\":[{\"@type\":\"SearchAction\",\"target\":{\"@type\":\"EntryPoint\",\"urlTemplate\":\"https:\/\/thethorfortune.com\/es\/?s={search_term_string}\"},\"query-input\":{\"@type\":\"PropertyValueSpecification\",\"valueRequired\":true,\"valueName\":\"search_term_string\"}}],\"inLanguage\":\"es-ES\"},{\"@type\":\"Organization\",\"@id\":\"https:\/\/thethorfortune.com\/es\/#organization\",\"name\":\"Thorfortune\",\"url\":\"https:\/\/thethorfortune.com\/es\/\",\"logo\":{\"@type\":\"ImageObject\",\"inLanguage\":\"es-ES\",\"@id\":\"https:\/\/thethorfortune.com\/es\/#\/schema\/logo\/image\/\",\"url\":\"https:\/\/thethorfortune.com\/wp-content\/uploads\/2026\/03\/logo.png\",\"contentUrl\":\"https:\/\/thethorfortune.com\/wp-content\/uploads\/2026\/03\/logo.png\",\"width\":160,\"height\":37,\"caption\":\"Thorfortune\"},\"image\":{\"@id\":\"https:\/\/thethorfortune.com\/es\/#\/schema\/logo\/image\/\"}}]}<\/script>\n<!-- \/ Yoast SEO plugin. -->","yoast_head_json":{"title":"Thorfortune Login| Registro y gesti\u00f3n de cuentas","description":"Empieza con un inicio de sesi\u00f3n en Thorfortune. Los nuevos usuarios pueden registrarse f\u00e1cilmente, y los jugadores existentes pueden volver en cualquier momento para gestionar su cuenta y ponerse en contacto con el servicio de asistencia las 24 horas del d\u00eda, los 7 d\u00edas de la semana.","robots":{"index":"index","follow":"follow","max-snippet":"max-snippet:-1","max-image-preview":"max-image-preview:large","max-video-preview":"max-video-preview:-1"},"canonical":"https:\/\/thethorfortune.com\/es\/inicio-de-sesion-y-registro\/","og_locale":"es_ES","og_type":"article","og_title":"Thorfortune Login| Registro y gesti\u00f3n de cuentas","og_description":"Empieza con un inicio de sesi\u00f3n en Thorfortune. Los nuevos usuarios pueden registrarse f\u00e1cilmente, y los jugadores existentes pueden volver en cualquier momento para gestionar su cuenta y ponerse en contacto con el servicio de asistencia las 24 horas del d\u00eda, los 7 d\u00edas de la semana.","og_url":"https:\/\/thethorfortune.com\/es\/inicio-de-sesion-y-registro\/","og_site_name":"thorfortune","article_modified_time":"2026-03-04T09:20:27+00:00","twitter_card":"summary_large_image","twitter_misc":{"Est. reading time":"1 minute"},"schema":{"@context":"https:\/\/schema.org","@graph":[{"@type":"WebPage","@id":"https:\/\/thethorfortune.com\/es\/inicio-de-sesion-y-registro\/","url":"https:\/\/thethorfortune.com\/es\/inicio-de-sesion-y-registro\/","name":"Thorfortune Login| Registro y gesti\u00f3n de cuentas","isPartOf":{"@id":"https:\/\/thethorfortune.com\/es\/#website"},"datePublished":"2026-01-20T12:11:11+00:00","dateModified":"2026-03-04T09:20:27+00:00","description":"Empieza con un inicio de sesi\u00f3n en Thorfortune. Los nuevos usuarios pueden registrarse f\u00e1cilmente, y los jugadores existentes pueden volver en cualquier momento para gestionar su cuenta y ponerse en contacto con el servicio de asistencia las 24 horas del d\u00eda, los 7 d\u00edas de la semana.","breadcrumb":{"@id":"https:\/\/thethorfortune.com\/es\/inicio-de-sesion-y-registro\/#breadcrumb"},"inLanguage":"es-ES","potentialAction":[{"@type":"ReadAction","target":["https:\/\/thethorfortune.com\/es\/inicio-de-sesion-y-registro\/"]}]},{"@type":"BreadcrumbList","@id":"https:\/\/thethorfortune.com\/es\/inicio-de-sesion-y-registro\/#breadcrumb","itemListElement":[{"@type":"ListItem","position":1,"name":"Thorfortune","item":"https:\/\/thethorfortune.com\/es\/"},{"@type":"ListItem","position":2,"name":"Inicio de sesi\u00f3n y Registro"}]},{"@type":"WebSite","@id":"https:\/\/thethorfortune.com\/es\/#website","url":"https:\/\/thethorfortune.com\/es\/","name":"Thorfortune","description":"","publisher":{"@id":"https:\/\/thethorfortune.com\/es\/#organization"},"potentialAction":[{"@type":"SearchAction","target":{"@type":"EntryPoint","urlTemplate":"https:\/\/thethorfortune.com\/es\/?s={search_term_string}"},"query-input":{"@type":"PropertyValueSpecification","valueRequired":true,"valueName":"search_term_string"}}],"inLanguage":"es-ES"},{"@type":"Organization","@id":"https:\/\/thethorfortune.com\/es\/#organization","name":"Thorfortune","url":"https:\/\/thethorfortune.com\/es\/","logo":{"@type":"ImageObject","inLanguage":"es-ES","@id":"https:\/\/thethorfortune.com\/es\/#\/schema\/logo\/image\/","url":"https:\/\/thethorfortune.com\/wp-content\/uploads\/2026\/03\/logo.png","contentUrl":"https:\/\/thethorfortune.com\/wp-content\/uploads\/2026\/03\/logo.png","width":160,"height":37,"caption":"Thorfortune"},"image":{"@id":"https:\/\/thethorfortune.com\/es\/#\/schema\/logo\/image\/"}}]}},"_links":{"self":[{"href":"https:\/\/thethorfortune.com\/es\/wp-json\/wp\/v2\/pages\/1487"}],"collection":[{"href":"https:\/\/thethorfortune.com\/es\/wp-json\/wp\/v2\/pages"}],"about":[{"href":"https:\/\/thethorfortune.com\/es\/wp-json\/wp\/v2\/types\/page"}],"author":[{"embeddable":true,"href":"https:\/\/thethorfortune.com\/es\/wp-json\/wp\/v2\/users\/1"}],"replies":[{"embeddable":true,"href":"https:\/\/thethorfortune.com\/es\/wp-json\/wp\/v2\/comments?post=1487"}],"version-history":[{"count":3,"href":"https:\/\/thethorfortune.com\/es\/wp-json\/wp\/v2\/pages\/1487\/revisions"}],"predecessor-version":[{"id":2105,"href":"https:\/\/thethorfortune.com\/es\/wp-json\/wp\/v2\/pages\/1487\/revisions\/2105"}],"wp:attachment":[{"href":"https:\/\/thethorfortune.com\/es\/wp-json\/wp\/v2\/media?parent=1487"}],"curies":[{"name":"wp","href":"https:\/\/api.w.org\/{rel}","templated":true}]}}