{"id":1449,"date":"2026-01-20T12:08:23","date_gmt":"2026-01-20T12:08:23","guid":{"rendered":"https:\/\/bonuskongcasino.com\/app-2\/"},"modified":"2026-03-04T09:19:09","modified_gmt":"2026-03-04T09:19:09","slug":"aplicacion","status":"publish","type":"page","link":"https:\/\/thethorfortune.com\/es\/aplicacion\/","title":{"rendered":"Aplicaci\u00f3n"},"content":{"rendered":"<h1>Plataforma m\u00f3vil Thorfortune<\/h1>\n<p>La aplicaci\u00f3n Thorfortune har\u00e1 que tu experiencia sea mucho m\u00e1s c\u00f3moda, ya que es compatible con todos los dispositivos modernos y te permite jugar sobre la marcha. No importa si tienes un tel\u00e9fono Android o iOS, disfrutar\u00e1s de una carga r\u00e1pida y una jugabilidad fluida. Todas las funciones, el dise\u00f1o y la navegaci\u00f3n te resultar\u00e1n familiares, ya que reflejan el sitio web principal para PC. La instalaci\u00f3n se puede realizar r\u00e1pidamente, directamente desde nuestro sitio web.<\/p>\n<p><div class=\"banner-wrap\" aria-label=\"Banner\"><img src=\"https:\/\/thethorfortune.com\/wp-content\/uploads\/2026\/03\/Thorfortune-bnr-pc.webp\" class=\"w-100 d-none d-lg-block img-pc main-banner-img\" alt=\"Thorfortune banner pc\" fetchpriority=\"high\" decoding=\"async\"><img src=\"https:\/\/thethorfortune.com\/wp-content\/uploads\/2026\/03\/thorfortune-banner-mobile.webp\" class=\"w-100 d-none d-md-block d-lg-none main-banner-img\" alt=\"thorfortune banner mobile\" fetchpriority=\"high\" decoding=\"async\"><img src=\"https:\/\/thethorfortune.com\/wp-content\/uploads\/2026\/03\/thorfortune-banner-mobile.webp\" class=\"w-100 d-md-none\" alt=\"thorfortune banner mobile\" fetchpriority=\"high\" decoding=\"async\"><div class=\"banner-description\">\n<div class=\"banner-title\">Bonos de bienvenida<\/div>\n<p class=\"banner-header-title\">1500 \u20ac<\/p>\n<div class=\"banner-header-AdditionalText\">+ 250 Tiradas gratis<\/div>\n<button data-item=\"homepage_banner_link\" class=\"goto m-button m-gradient-border m-button--primary m-button--large banner-button btn-orange\">\n            <div class=\"m-button-content\">\n                <span>Reg\u00edstrate ahora<\/span>\n                <span><\/span>\n            <\/div>\n        <\/button>\n<\/div>\n<div class=\"WelcomePack\">\n<p><img loading=\"lazy\" decoding=\"async\" class=\"alignnone size-full wp-image-1849\" src=\"https:\/\/thethorfortune.com\/wp-content\/uploads\/2026\/03\/welcome-crown.png\" alt=\"welcome crown\" width=\"25\" height=\"26\" \/><\/p>\n<div class=\"WelcomePack-Info\">Reembolso semanal de hasta el 25 %<\/div>\n<p><img loading=\"lazy\" decoding=\"async\" class=\"alignnone size-full wp-image-1849\" src=\"https:\/\/thethorfortune.com\/wp-content\/uploads\/2026\/03\/welcome-crown.png\" alt=\"welcome crown\" width=\"25\" height=\"26\" \/><\/p>\n<\/div>\n<\/div><div class=\"scrollable-content-wrap my-5\"><div class=\"scrollable-content-inner\"><h2>Caracter\u00edsticas principales de la aplicaci\u00f3n Thorfortune<\/h2>\n<p>Una gran parte de nuestros jugadores prefiere el acceso m\u00f3vil porque les permite controlar su cuenta de forma continua y jugar sin interrupciones. El casino m\u00f3vil Thorfortune est\u00e1 disponible en dos formatos: una versi\u00f3n basada en navegador y la aplicaci\u00f3n dedicada Thorfortune, creada como una aplicaci\u00f3n web progresiva (PWA). Ambas versiones ofrecen acceso id\u00e9ntico al vest\u00edbulo, al cajero, a los bonos y a los canales de asistencia.<\/p>\n<table>\n<tbody>\n<tr>\n<td>Caracter\u00edstica<\/td>\n<td>Qu\u00e9 significa para el usuario<\/td>\n<\/tr>\n<tr>\n<td>Interfaz optimizada para dispositivos m\u00f3viles<\/td>\n<td>El dise\u00f1o se adapta al tama\u00f1o de la pantalla con una navegaci\u00f3n simplificada y un acceso claro a las categor\u00edas.<\/td>\n<\/tr>\n<tr>\n<td>Carga r\u00e1pida del juego<\/td>\n<td>El flujo de datos optimizado reduce el tiempo de espera entre rondas.<\/td>\n<\/tr>\n<tr>\n<td>Rendimiento estable<\/td>\n<td>Los procesos en segundo plano se optimizan para garantizar sesiones consistentes.<\/td>\n<\/tr>\n<tr>\n<td>Controles sensibles al tacto<\/td>\n<td>Toques precisos, desplazamiento y colocaci\u00f3n de apuestas<\/td>\n<\/tr>\n<tr>\n<td>Sesiones m\u00f3viles seguras<\/td>\n<td>Conexi\u00f3n cifrada y flujo de inicio de sesi\u00f3n protegido<\/td>\n<\/tr>\n<tr>\n<td>Actualizaciones autom\u00e1ticas<\/td>\n<td>La \u00faltima versi\u00f3n funciona sin actualizaciones de instalaci\u00f3n manuales.<\/td>\n<\/tr>\n<\/tbody>\n<\/table>\n<p>La aplicaci\u00f3n Thorfortune mantiene la misma cartera de cuentas, secci\u00f3n de bonificaciones y filtros de juegos disponibles en la plataforma de escritorio. Los usuarios no necesitan credenciales separadas; la misma cuenta funciona en todos los dispositivos.<\/p>\n<h2>M\u00f3vil frente a PC: comparaci\u00f3n funcional<\/h2>\n<p>Mientras que la versi\u00f3n de escritorio sigue siendo adecuada para sesiones prolongadas y pantallas m\u00e1s grandes, la aplicaci\u00f3n Thorfortune est\u00e1 dise\u00f1ada para ofrecer flexibilidad y acceso r\u00e1pido. La diferencia radica principalmente en el formato, m\u00e1s que en las funciones.<\/p>\n<table>\n<tbody>\n<tr>\n<td>Aspecto<\/td>\n<td>Aplicaci\u00f3n Thorfortune<\/td>\n<td>Versi\u00f3n para PC<\/td>\n<\/tr>\n<tr>\n<td>Accesibilidad<\/td>\n<td>Acceso instant\u00e1neo desde la pantalla de inicio<\/td>\n<td>Acceso basado en navegador<\/td>\n<\/tr>\n<tr>\n<td>Navegaci\u00f3n<\/td>\n<td>Categor\u00edas optimizadas para dispositivos t\u00e1ctiles<\/td>\n<td>Navegaci\u00f3n con rat\u00f3n y teclado<\/td>\n<\/tr>\n<tr>\n<td>Biblioteca de juegos<\/td>\n<td>Acceso completo a las tragamonedas en l\u00ednea y a los juegos de casino en vivo.<\/td>\n<td>Acceso completo<\/td>\n<\/tr>\n<tr>\n<td>Pagos<\/td>\n<td>Cajero m\u00f3vil integrado<\/td>\n<td>Cajero integrado en el escritorio<\/td>\n<\/tr>\n<tr>\n<td>Soporte<\/td>\n<td>Chat en vivo integrado<\/td>\n<td>Chat en vivo y correo electr\u00f3nico<\/td>\n<\/tr>\n<tr>\n<td>Actualizaciones<\/td>\n<td>Autom\u00e1tico a trav\u00e9s de PWA<\/td>\n<td>Autom\u00e1tico a trav\u00e9s de actualizaciones del sitio web<\/td>\n<\/tr>\n<\/tbody>\n<\/table>\n<p>Ambos formatos ofrecen la misma experiencia de juego en cuanto a bonificaciones, torneos, m\u00e9todos de dep\u00f3sito y procesamiento de retiradas. La elecci\u00f3n depende de las preferencias del usuario m\u00e1s que de la disponibilidad de funciones.<\/p>\n<\/div><\/div><div style=\"clear: both\"><\/div><div class=\"d-flex justify-content-center\"><button data-item=\"decouvrez_link\" data-group=\"website_links\" class=\"goto fw-bold rounded-pill btn btn-orange\" aria-label=\"Descarga la aplicaci\u00f3n Thorfortune\" >Descarga la aplicaci\u00f3n Thorfortune<\/button><\/div><div class=\"scrollable-content-wrap my-5\"><div class=\"scrollable-content-inner\"><h2>Jugar en dispositivos Android<\/h2>\n<p>La aplicaci\u00f3n Thorfortune es compatible con las versiones modernas de Android y est\u00e1 optimizada para el rendimiento m\u00f3vil. Hemos dise\u00f1ado la interfaz m\u00f3vil para reducir los tiempos de carga y limitar el uso innecesario de datos en segundo plano.<\/p>\n<p>Los controles t\u00e1ctiles est\u00e1n calibrados para ofrecer precisi\u00f3n. Los usuarios pueden girar los carretes, ajustar las apuestas o acceder a las herramientas de la cuenta sin retrasos. Incluso las sesiones prolongadas se mantienen estables gracias a la optimizaci\u00f3n del rendimiento y a las capas de interfaz simplificadas.<\/p>\n<p>Para instalar la aplicaci\u00f3n Thorfortune en Android, los usuarios pueden:<\/p>\n<ol>\n<li>Abre nuestro sitio web en un navegador m\u00f3vil.<\/li>\n<li>Selecciona la opci\u00f3n \u00abA\u00f1adir a la pantalla de inicio\u00bb.<\/li>\n<li>Confirma la instalaci\u00f3n para crear el icono de la aplicaci\u00f3n.<\/li>\n<\/ol>\n<p>La instalaci\u00f3n no requiere descargas adicionales desde tiendas externas, ya que la aplicaci\u00f3n funciona como una soluci\u00f3n segura basada en la web.<\/p>\n<p><img loading=\"lazy\" decoding=\"async\" class=\"alignnone size-full wp-image-2009\" src=\"https:\/\/thethorfortune.com\/wp-content\/uploads\/2026\/03\/Thorfortune-Android.webp\" alt=\"Thorfortune Android\" width=\"1248\" height=\"536\" srcset=\"https:\/\/thethorfortune.com\/wp-content\/uploads\/2026\/03\/Thorfortune-Android.webp 1248w, https:\/\/thethorfortune.com\/wp-content\/uploads\/2026\/03\/Thorfortune-Android-300x129.webp 300w, https:\/\/thethorfortune.com\/wp-content\/uploads\/2026\/03\/Thorfortune-Android-1024x440.webp 1024w, https:\/\/thethorfortune.com\/wp-content\/uploads\/2026\/03\/Thorfortune-Android-768x330.webp 768w\" sizes=\"(max-width: 1248px) 100vw, 1248px\" \/><\/p>\n<\/div><\/div><div style=\"clear: both\"><\/div><div class=\"d-flex justify-content-center\"><button data-item=\"decouvrez_link\" data-group=\"website_links\" class=\"goto fw-bold rounded-pill btn btn-orange\" aria-label=\"Descargar Thorfortune\" >Descargar Thorfortune<\/button><\/div><div class=\"scrollable-content-wrap my-5\"><div class=\"scrollable-content-inner\"><h2>Acceso m\u00f3vil en iOS<\/h2>\n<p>Para los usuarios de iOS, el casino m\u00f3vil Thorfortune funciona tanto a trav\u00e9s del navegador como mediante la instalaci\u00f3n de una aplicaci\u00f3n web progresiva (PWA). La interfaz se ajusta autom\u00e1ticamente a la resoluci\u00f3n y orientaci\u00f3n de la pantalla. Las tragamonedas en l\u00ednea, los juegos de mesa y los juegos de casino en vivo se cargan en un formato adaptado a dispositivos m\u00f3viles sin eliminar las funciones disponibles en la versi\u00f3n de escritorio.<\/p>\n<p>El registro, los dep\u00f3sitos, los retiros y la activaci\u00f3n de bonificaciones est\u00e1n totalmente compatibles con la aplicaci\u00f3n Thorfortune. Los usuarios tambi\u00e9n pueden completar el proceso de verificaci\u00f3n directamente desde su dispositivo m\u00f3vil, incluida la carga de documentos si es necesario.<\/p>\n<p>El proceso de instalaci\u00f3n sigue los pasos est\u00e1ndar de configuraci\u00f3n de una PWA y permite que el icono de Thorfortune aparezca en la pantalla de inicio en cuesti\u00f3n de segundos.<\/p>\n<p><img loading=\"lazy\" decoding=\"async\" class=\"alignnone size-full wp-image-2025\" src=\"https:\/\/thethorfortune.com\/wp-content\/uploads\/2026\/03\/Thorfortune-iOS.webp\" alt=\"Thorfortune iOS\" width=\"1248\" height=\"536\" srcset=\"https:\/\/thethorfortune.com\/wp-content\/uploads\/2026\/03\/Thorfortune-iOS.webp 1248w, https:\/\/thethorfortune.com\/wp-content\/uploads\/2026\/03\/Thorfortune-iOS-300x129.webp 300w, https:\/\/thethorfortune.com\/wp-content\/uploads\/2026\/03\/Thorfortune-iOS-1024x440.webp 1024w, https:\/\/thethorfortune.com\/wp-content\/uploads\/2026\/03\/Thorfortune-iOS-768x330.webp 768w\" sizes=\"(max-width: 1248px) 100vw, 1248px\" \/><\/p>\n<\/div><\/div><div style=\"clear: both\"><\/div><div class=\"d-flex justify-content-center\"><button data-item=\"decouvrez_link\" data-group=\"website_links\" class=\"goto fw-bold rounded-pill btn btn-orange\" aria-label=\"Descarga la aplicaci\u00f3n Thorfortune\" >Descarga la aplicaci\u00f3n Thorfortune<\/button><\/div><div class=\"scrollable-content-wrap my-5\"><div class=\"scrollable-content-inner\"><h2>Seguridad y protecci\u00f3n de datos en la aplicaci\u00f3n Thorfortune<\/h2>\n<p>Las normas de seguridad del casino m\u00f3vil Thorfortune son las mismas que las aplicadas en la versi\u00f3n de escritorio. Todas las sesiones est\u00e1n protegidas con conexiones cifradas y las credenciales de inicio de sesi\u00f3n se procesan a trav\u00e9s de sistemas de autenticaci\u00f3n seguros. Utilizamos herramientas de supervisi\u00f3n para detectar comportamientos irregulares en las cuentas y evitar intentos de acceso no autorizados.<\/p>\n<p>El proceso de verificaci\u00f3n es obligatorio antes del primer retiro y se puede completar desde la interfaz m\u00f3vil. Esto garantiza que las transacciones permanezcan protegidas y vinculadas a cuentas verificadas.<\/p>\n<p>Los jugadores que necesiten aclaraciones sobre la seguridad de la cuenta o los pagos pueden ponerse en contacto con nuestro equipo de asistencia a trav\u00e9s del chat en vivo en cualquier momento. La funci\u00f3n de chat en vivo est\u00e1 integrada directamente en la aplicaci\u00f3n, lo que permite recibir asistencia en tiempo real sin salir del entorno de juego.<\/p>\n<h2>Acceso al escritorio a trav\u00e9s de Thorfortune<\/h2>\n<p>Puedes disfrutar de una experiencia fluida jugando en Thorfortune desde tu PC o port\u00e1til. Los usuarios no tienen que instalar ning\u00fan software adicional. Nuestra p\u00e1gina web est\u00e1 disponible en cualquier navegador moderno. Para acceder a todas las funciones disponibles, inicia sesi\u00f3n en tu cuenta y empieza a jugar.<\/p>\n<p>Si desea acceder a nuestro sitio web con un solo clic, existe la opci\u00f3n de instalar un icono de acceso directo en la pantalla de inicio de su escritorio. Para ello, debe ir a la configuraci\u00f3n de la p\u00e1gina de su navegador. Si tiene alg\u00fan problema al instalar el icono Thorfortune, p\u00f3ngase en contacto con nuestro equipo de asistencia a trav\u00e9s del chat en vivo o por correo electr\u00f3nico.<\/p>\n<p><img loading=\"lazy\" decoding=\"async\" class=\"alignnone size-full wp-image-2017\" src=\"https:\/\/thethorfortune.com\/wp-content\/uploads\/2026\/03\/Thorfortune-Desktop.webp\" alt=\"Thorfortune Desktop\" width=\"1248\" height=\"536\" srcset=\"https:\/\/thethorfortune.com\/wp-content\/uploads\/2026\/03\/Thorfortune-Desktop.webp 1248w, https:\/\/thethorfortune.com\/wp-content\/uploads\/2026\/03\/Thorfortune-Desktop-300x129.webp 300w, https:\/\/thethorfortune.com\/wp-content\/uploads\/2026\/03\/Thorfortune-Desktop-1024x440.webp 1024w, https:\/\/thethorfortune.com\/wp-content\/uploads\/2026\/03\/Thorfortune-Desktop-768x330.webp 768w\" sizes=\"(max-width: 1248px) 100vw, 1248px\" \/><\/p>\n<\/div><\/div><div style=\"clear: both\"><\/div><div class=\"d-flex justify-content-center\"><button data-item=\"decouvrez_link\" data-group=\"website_links\" class=\"goto fw-bold rounded-pill btn btn-orange\" aria-label=\"Descargar Thorfortune\" >Descargar Thorfortune<\/button><\/div><div class=\"scrollable-content-wrap my-5\"><div class=\"scrollable-content-inner\"><h2>FAQ<\/h2>\n<h3>\u00bfPuedo jugar a juegos de casino en vivo en la aplicaci\u00f3n Thorfortune?<\/h3>\n<p>S\u00ed. Toda la biblioteca de juegos, incluidos los juegos de casino en vivo, est\u00e1 disponible a trav\u00e9s del casino m\u00f3vil Thorfortune. Todos los t\u00edtulos est\u00e1n optimizados para controles t\u00e1ctiles y pantallas m\u00e1s peque\u00f1as.<\/p>\n<h3>\u00bfSe puede registrar dentro de la aplicaci\u00f3n Thorfortune?<\/h3>\n<p>S\u00ed. Los nuevos usuarios pueden crear una cuenta directamente a trav\u00e9s de la interfaz de la aplicaci\u00f3n. Antes de realizar el primer retiro, se debe completar el proceso de verificaci\u00f3n.<\/p>\n<h3>\u00bfC\u00f3mo se gestionan las actualizaciones?<\/h3>\n<p>La aplicaci\u00f3n Thorfortune funciona como una aplicaci\u00f3n web progresiva, lo que significa que las actualizaciones se aplican autom\u00e1ticamente cuando se actualiza la plataforma. No es necesario realizar descargas manuales.<\/p>\n<\/div><\/div><\/p>\n","protected":false},"excerpt":{"rendered":"<p>Plataforma m\u00f3vil Thorfortune La aplicaci\u00f3n Thorfortune har\u00e1 que tu experiencia sea mucho m\u00e1s c\u00f3moda, ya que es compatible con todos los dispositivos modernos y te permite jugar sobre la marcha. No importa si tienes un tel\u00e9fono Android o iOS, disfrutar\u00e1s de una carga r\u00e1pida y una jugabilidad fluida. Todas las funciones, el dise\u00f1o y la [&hellip;]<\/p>\n","protected":false},"author":1,"featured_media":0,"parent":0,"menu_order":0,"comment_status":"closed","ping_status":"closed","template":"template-builder.php","meta":{"_acf_changed":false,"inline_featured_image":false,"footnotes":""},"class_list":["post-1449","page","type-page","status-publish","hentry"],"acf":[],"yoast_head":"<!-- This site is optimized with the Yoast SEO plugin v24.4 - https:\/\/yoast.com\/wordpress\/plugins\/seo\/ -->\n<title>Thorfortune Casino Aplicaci\u00f3n| Descargar para iOS y Android<\/title>\n<meta name=\"description\" content=\"Vayas donde vayas, tus juegos favoritos te acompa\u00f1an. Disfruta de las tragaperras y los juegos de mesa en la aplicaci\u00f3n m\u00f3vil Thorfortune para iOS y Android.\" \/>\n<meta name=\"robots\" content=\"index, follow, max-snippet:-1, max-image-preview:large, max-video-preview:-1\" \/>\n<link rel=\"canonical\" href=\"https:\/\/thethorfortune.com\/es\/aplicacion\/\" \/>\n<meta property=\"og:locale\" content=\"es_ES\" \/>\n<meta property=\"og:type\" content=\"article\" \/>\n<meta property=\"og:title\" content=\"Thorfortune Casino Aplicaci\u00f3n| Descargar para iOS y Android\" \/>\n<meta property=\"og:description\" content=\"Vayas donde vayas, tus juegos favoritos te acompa\u00f1an. Disfruta de las tragaperras y los juegos de mesa en la aplicaci\u00f3n m\u00f3vil Thorfortune para iOS y Android.\" \/>\n<meta property=\"og:url\" content=\"https:\/\/thethorfortune.com\/es\/aplicacion\/\" \/>\n<meta property=\"og:site_name\" content=\"thorfortune\" \/>\n<meta property=\"article:modified_time\" content=\"2026-03-04T09:19:09+00:00\" \/>\n<meta name=\"twitter:card\" content=\"summary_large_image\" \/>\n<meta name=\"twitter:label1\" content=\"Est. reading time\" \/>\n\t<meta name=\"twitter:data1\" content=\"1 minute\" \/>\n<script type=\"application\/ld+json\" class=\"yoast-schema-graph\">{\"@context\":\"https:\/\/schema.org\",\"@graph\":[{\"@type\":\"WebPage\",\"@id\":\"https:\/\/thethorfortune.com\/es\/aplicacion\/\",\"url\":\"https:\/\/thethorfortune.com\/es\/aplicacion\/\",\"name\":\"Thorfortune Casino Aplicaci\u00f3n| Descargar para iOS y Android\",\"isPartOf\":{\"@id\":\"https:\/\/thethorfortune.com\/es\/#website\"},\"datePublished\":\"2026-01-20T12:08:23+00:00\",\"dateModified\":\"2026-03-04T09:19:09+00:00\",\"description\":\"Vayas donde vayas, tus juegos favoritos te acompa\u00f1an. Disfruta de las tragaperras y los juegos de mesa en la aplicaci\u00f3n m\u00f3vil Thorfortune para iOS y Android.\",\"breadcrumb\":{\"@id\":\"https:\/\/thethorfortune.com\/es\/aplicacion\/#breadcrumb\"},\"inLanguage\":\"es-ES\",\"potentialAction\":[{\"@type\":\"ReadAction\",\"target\":[\"https:\/\/thethorfortune.com\/es\/aplicacion\/\"]}]},{\"@type\":\"BreadcrumbList\",\"@id\":\"https:\/\/thethorfortune.com\/es\/aplicacion\/#breadcrumb\",\"itemListElement\":[{\"@type\":\"ListItem\",\"position\":1,\"name\":\"Thorfortune\",\"item\":\"https:\/\/thethorfortune.com\/es\/\"},{\"@type\":\"ListItem\",\"position\":2,\"name\":\"Aplicaci\u00f3n\"}]},{\"@type\":\"WebSite\",\"@id\":\"https:\/\/thethorfortune.com\/es\/#website\",\"url\":\"https:\/\/thethorfortune.com\/es\/\",\"name\":\"Thorfortune\",\"description\":\"\",\"publisher\":{\"@id\":\"https:\/\/thethorfortune.com\/es\/#organization\"},\"potentialAction\":[{\"@type\":\"SearchAction\",\"target\":{\"@type\":\"EntryPoint\",\"urlTemplate\":\"https:\/\/thethorfortune.com\/es\/?s={search_term_string}\"},\"query-input\":{\"@type\":\"PropertyValueSpecification\",\"valueRequired\":true,\"valueName\":\"search_term_string\"}}],\"inLanguage\":\"es-ES\"},{\"@type\":\"Organization\",\"@id\":\"https:\/\/thethorfortune.com\/es\/#organization\",\"name\":\"Thorfortune\",\"url\":\"https:\/\/thethorfortune.com\/es\/\",\"logo\":{\"@type\":\"ImageObject\",\"inLanguage\":\"es-ES\",\"@id\":\"https:\/\/thethorfortune.com\/es\/#\/schema\/logo\/image\/\",\"url\":\"https:\/\/thethorfortune.com\/wp-content\/uploads\/2026\/03\/logo.png\",\"contentUrl\":\"https:\/\/thethorfortune.com\/wp-content\/uploads\/2026\/03\/logo.png\",\"width\":160,\"height\":37,\"caption\":\"Thorfortune\"},\"image\":{\"@id\":\"https:\/\/thethorfortune.com\/es\/#\/schema\/logo\/image\/\"}}]}<\/script>\n<!-- \/ Yoast SEO plugin. -->","yoast_head_json":{"title":"Thorfortune Casino Aplicaci\u00f3n| Descargar para iOS y Android","description":"Vayas donde vayas, tus juegos favoritos te acompa\u00f1an. Disfruta de las tragaperras y los juegos de mesa en la aplicaci\u00f3n m\u00f3vil Thorfortune para iOS y Android.","robots":{"index":"index","follow":"follow","max-snippet":"max-snippet:-1","max-image-preview":"max-image-preview:large","max-video-preview":"max-video-preview:-1"},"canonical":"https:\/\/thethorfortune.com\/es\/aplicacion\/","og_locale":"es_ES","og_type":"article","og_title":"Thorfortune Casino Aplicaci\u00f3n| Descargar para iOS y Android","og_description":"Vayas donde vayas, tus juegos favoritos te acompa\u00f1an. Disfruta de las tragaperras y los juegos de mesa en la aplicaci\u00f3n m\u00f3vil Thorfortune para iOS y Android.","og_url":"https:\/\/thethorfortune.com\/es\/aplicacion\/","og_site_name":"thorfortune","article_modified_time":"2026-03-04T09:19:09+00:00","twitter_card":"summary_large_image","twitter_misc":{"Est. reading time":"1 minute"},"schema":{"@context":"https:\/\/schema.org","@graph":[{"@type":"WebPage","@id":"https:\/\/thethorfortune.com\/es\/aplicacion\/","url":"https:\/\/thethorfortune.com\/es\/aplicacion\/","name":"Thorfortune Casino Aplicaci\u00f3n| Descargar para iOS y Android","isPartOf":{"@id":"https:\/\/thethorfortune.com\/es\/#website"},"datePublished":"2026-01-20T12:08:23+00:00","dateModified":"2026-03-04T09:19:09+00:00","description":"Vayas donde vayas, tus juegos favoritos te acompa\u00f1an. Disfruta de las tragaperras y los juegos de mesa en la aplicaci\u00f3n m\u00f3vil Thorfortune para iOS y Android.","breadcrumb":{"@id":"https:\/\/thethorfortune.com\/es\/aplicacion\/#breadcrumb"},"inLanguage":"es-ES","potentialAction":[{"@type":"ReadAction","target":["https:\/\/thethorfortune.com\/es\/aplicacion\/"]}]},{"@type":"BreadcrumbList","@id":"https:\/\/thethorfortune.com\/es\/aplicacion\/#breadcrumb","itemListElement":[{"@type":"ListItem","position":1,"name":"Thorfortune","item":"https:\/\/thethorfortune.com\/es\/"},{"@type":"ListItem","position":2,"name":"Aplicaci\u00f3n"}]},{"@type":"WebSite","@id":"https:\/\/thethorfortune.com\/es\/#website","url":"https:\/\/thethorfortune.com\/es\/","name":"Thorfortune","description":"","publisher":{"@id":"https:\/\/thethorfortune.com\/es\/#organization"},"potentialAction":[{"@type":"SearchAction","target":{"@type":"EntryPoint","urlTemplate":"https:\/\/thethorfortune.com\/es\/?s={search_term_string}"},"query-input":{"@type":"PropertyValueSpecification","valueRequired":true,"valueName":"search_term_string"}}],"inLanguage":"es-ES"},{"@type":"Organization","@id":"https:\/\/thethorfortune.com\/es\/#organization","name":"Thorfortune","url":"https:\/\/thethorfortune.com\/es\/","logo":{"@type":"ImageObject","inLanguage":"es-ES","@id":"https:\/\/thethorfortune.com\/es\/#\/schema\/logo\/image\/","url":"https:\/\/thethorfortune.com\/wp-content\/uploads\/2026\/03\/logo.png","contentUrl":"https:\/\/thethorfortune.com\/wp-content\/uploads\/2026\/03\/logo.png","width":160,"height":37,"caption":"Thorfortune"},"image":{"@id":"https:\/\/thethorfortune.com\/es\/#\/schema\/logo\/image\/"}}]}},"_links":{"self":[{"href":"https:\/\/thethorfortune.com\/es\/wp-json\/wp\/v2\/pages\/1449"}],"collection":[{"href":"https:\/\/thethorfortune.com\/es\/wp-json\/wp\/v2\/pages"}],"about":[{"href":"https:\/\/thethorfortune.com\/es\/wp-json\/wp\/v2\/types\/page"}],"author":[{"embeddable":true,"href":"https:\/\/thethorfortune.com\/es\/wp-json\/wp\/v2\/users\/1"}],"replies":[{"embeddable":true,"href":"https:\/\/thethorfortune.com\/es\/wp-json\/wp\/v2\/comments?post=1449"}],"version-history":[{"count":3,"href":"https:\/\/thethorfortune.com\/es\/wp-json\/wp\/v2\/pages\/1449\/revisions"}],"predecessor-version":[{"id":2103,"href":"https:\/\/thethorfortune.com\/es\/wp-json\/wp\/v2\/pages\/1449\/revisions\/2103"}],"wp:attachment":[{"href":"https:\/\/thethorfortune.com\/es\/wp-json\/wp\/v2\/media?parent=1449"}],"curies":[{"name":"wp","href":"https:\/\/api.w.org\/{rel}","templated":true}]}}