{"id":1442,"date":"2026-01-20T12:08:23","date_gmt":"2026-01-20T12:08:23","guid":{"rendered":"https:\/\/bonuskongcasino.com\/app-2\/"},"modified":"2026-03-04T08:05:31","modified_gmt":"2026-03-04T08:05:31","slug":"app","status":"publish","type":"page","link":"https:\/\/thethorfortune.com\/de\/app\/","title":{"rendered":"App"},"content":{"rendered":"<h1>Thorfortune Mobile Plattform<\/h1>\n<p>Die Thorfortune-App macht Ihr Erlebnis noch komfortabler, da sie mit allen modernen Ger\u00e4ten kompatibel ist und Ihnen das Spielen unterwegs erm\u00f6glicht. Egal, ob Sie ein Android- oder iOS-Smartphone besitzen, Sie profitieren von schnellen Ladezeiten und einem fl\u00fcssigen Spielverlauf. Alle Funktionen, das Design und die Navigation werden Ihnen vertraut sein, da sie der Haupt-PC-Website entsprechen. Die Installation kann schnell und direkt von unserer Website aus durchgef\u00fchrt werden.<\/p>\n<p><div class=\"banner-wrap\" aria-label=\"Banner\"><img src=\"https:\/\/thethorfortune.com\/wp-content\/uploads\/2026\/03\/Thorfortune-bnr-pc.webp\" class=\"w-100 d-none d-lg-block img-pc main-banner-img\" alt=\"Thorfortune banner pc\" fetchpriority=\"high\" decoding=\"async\"><img src=\"https:\/\/thethorfortune.com\/wp-content\/uploads\/2026\/03\/thorfortune-banner-mobile.webp\" class=\"w-100 d-none d-md-block d-lg-none main-banner-img\" alt=\"thorfortune banner mobile\" fetchpriority=\"high\" decoding=\"async\"><img src=\"https:\/\/thethorfortune.com\/wp-content\/uploads\/2026\/03\/thorfortune-banner-mobile.webp\" class=\"w-100 d-md-none\" alt=\"thorfortune banner mobile\" fetchpriority=\"high\" decoding=\"async\"><div class=\"banner-description\">\n<div class=\"banner-title\">Willkommensboni<\/div>\n<p class=\"banner-header-title\">1500 \u20ac<\/p>\n<div class=\"banner-header-AdditionalText\">+ 250 Freispiele<\/div>\n<button data-item=\"homepage_banner_link\" class=\"goto m-button m-gradient-border m-button--primary m-button--large banner-button btn-orange\">\n            <div class=\"m-button-content\">\n                <span>Jetzt anmelden<\/span>\n                <span><\/span>\n            <\/div>\n        <\/button>\n<\/div>\n<div class=\"WelcomePack\">\n<p><img loading=\"lazy\" decoding=\"async\" class=\"alignnone size-full wp-image-1845\" src=\"https:\/\/thethorfortune.com\/wp-content\/uploads\/2026\/03\/welcome-crown.png\" alt=\"welcome crown\" width=\"25\" height=\"26\" \/><\/p>\n<div class=\"WelcomePack-Info\">W\u00f6chentlicher Cashback von bis zu 25 %<\/div>\n<p><img loading=\"lazy\" decoding=\"async\" class=\"alignnone size-full wp-image-1845\" src=\"https:\/\/thethorfortune.com\/wp-content\/uploads\/2026\/03\/welcome-crown.png\" alt=\"welcome crown\" width=\"25\" height=\"26\" \/><\/p>\n<\/div>\n<\/div><div class=\"scrollable-content-wrap my-5\"><div class=\"scrollable-content-inner\"><h2>Kernfunktionen der Thorfortune-App<\/h2>\n<p>Ein gro\u00dfer Teil unserer Spieler bevorzugt den mobilen Zugriff, da er eine kontinuierliche Kontokontrolle und ein unterbrechungsfreies Spiel erm\u00f6glicht. Das Thorfortune Mobile Casino ist in zwei Formaten verf\u00fcgbar: als browserbasierte Version und als dedizierte Thorfortune-App, die als Progressive Web App (PWA) entwickelt wurde. Beide Versionen bieten identischen Zugriff auf die Lobby, die Kasse, Boni und Supportkan\u00e4le.<\/p>\n<table>\n<tbody>\n<tr>\n<td>Funktion<\/td>\n<td>Was bedeutet das f\u00fcr den Nutzer?<\/td>\n<\/tr>\n<tr>\n<td>F\u00fcr Mobilger\u00e4te optimierte Benutzeroberfl\u00e4che<\/td>\n<td>Das Layout passt sich der Bildschirmgr\u00f6\u00dfe an, mit vereinfachter Navigation und \u00fcbersichtlichem Zugriff auf die Kategorien.<\/td>\n<\/tr>\n<tr>\n<td>Schnelles Laden des Spiels<\/td>\n<td>Optimierter Datenfluss reduziert Wartezeiten zwischen den Runden<\/td>\n<\/tr>\n<tr>\n<td>Stabile Leistung<\/td>\n<td>Hintergrundprozesse werden f\u00fcr konsistente Sitzungen optimiert.<\/td>\n<\/tr>\n<tr>\n<td>Touch-empfindliche Bedienelemente<\/td>\n<td>Pr\u00e4zises Tippen, Scrollen und Platzieren von Wetten<\/td>\n<\/tr>\n<tr>\n<td>Sichere mobile Sitzungen<\/td>\n<td>Verschl\u00fcsselte Verbindung und gesch\u00fctzter Anmeldeprozess<\/td>\n<\/tr>\n<tr>\n<td>Automatische Updates<\/td>\n<td>Die neueste Version l\u00e4uft ohne manuelle Installationsupdates.<\/td>\n<\/tr>\n<\/tbody>\n<\/table>\n<p>Die Thorfortune-App verf\u00fcgt \u00fcber dieselbe Konto-Wallet, denselben Bonusbereich und dieselben Spielfilter wie die Desktop-Plattform. Benutzer ben\u00f6tigen keine separaten Anmeldedaten, da das Konto auf allen Ger\u00e4ten mit denselben Funktionen genutzt werden kann.<\/p>\n<h2>Mobilger\u00e4te vs. PC: Funktionsvergleich<\/h2>\n<p>W\u00e4hrend die Desktop-Version weiterhin f\u00fcr l\u00e4ngere Sitzungen und gr\u00f6\u00dfere Bildschirme geeignet ist, ist die Thorfortune-App auf Flexibilit\u00e4t und schnellen Zugriff ausgelegt. Der Unterschied liegt in erster Linie im Format und nicht in den Funktionen.<\/p>\n<table>\n<tbody>\n<tr>\n<td>Aussehen<\/td>\n<td>Thorfortune-App<\/td>\n<td>PC-Version<\/td>\n<\/tr>\n<tr>\n<td>Barrierefreiheit<\/td>\n<td>Sofortiger Zugriff vom Startbildschirm aus<\/td>\n<td>Browserbasierter Zugriff<\/td>\n<\/tr>\n<tr>\n<td>Navigation<\/td>\n<td>Touch-optimierte Kategorien<\/td>\n<td>Maus- und Tastaturnavigation<\/td>\n<\/tr>\n<tr>\n<td>Spielebibliothek<\/td>\n<td>Voller Zugriff auf Online-Slots und Live-Casino-Spiele<\/td>\n<td>Voller Zugriff<\/td>\n<\/tr>\n<tr>\n<td>Zahlungen<\/td>\n<td>Integrierte mobile Kasse<\/td>\n<td>Integrierte Desktop-Kasse<\/td>\n<\/tr>\n<tr>\n<td>Unterst\u00fctzung<\/td>\n<td>Integrierter Live-Chat<\/td>\n<td>Live-Chat und E-Mail<\/td>\n<\/tr>\n<tr>\n<td>Aktualisierungen<\/td>\n<td>Automatisch \u00fcber PWA<\/td>\n<td>Automatisch \u00fcber Website-Updates<\/td>\n<\/tr>\n<\/tbody>\n<\/table>\n<p>Beide Formate bieten hinsichtlich Boni, Turnieren, Einzahlungsmethoden und Auszahlungsabwicklung das gleiche Spielerlebnis. Die Wahl h\u00e4ngt eher von den Vorlieben des Nutzers als von der Verf\u00fcgbarkeit der Funktionen ab.<\/p>\n<\/div><\/div><div style=\"clear: both\"><\/div><div class=\"d-flex justify-content-center\"><button data-item=\"decouvrez_link\" data-group=\"website_links\" class=\"goto fw-bold rounded-pill btn btn-orange\" aria-label=\"Laden Sie die Thorfortune-App herunter\" >Laden Sie die Thorfortune-App herunter<\/button><\/div><div class=\"scrollable-content-wrap my-5\"><div class=\"scrollable-content-inner\"><h2>Spielen auf Android-Ger\u00e4ten<\/h2>\n<p>Die Thorfortune-App ist mit modernen Android-Versionen kompatibel und f\u00fcr die mobile Nutzung optimiert. Wir haben die mobile Benutzeroberfl\u00e4che so gestaltet, dass die Ladezeiten verk\u00fcrzt und unn\u00f6tige Hintergrunddaten\u00fcbertragungen begrenzt werden.<\/p>\n<p>Die Touch-Steuerung ist auf Pr\u00e4zision kalibriert. Benutzer k\u00f6nnen ohne Verz\u00f6gerungen Walzen drehen, Eins\u00e4tze anpassen oder auf Konto-Tools zugreifen. Selbst l\u00e4ngere Spielsitzungen bleiben dank Leistungsoptimierung und vereinfachten Benutzeroberfl\u00e4chen stabil.<\/p>\n<p>Um die Thorfortune-App auf Android zu installieren, k\u00f6nnen Nutzer:<\/p>\n<ol>\n<li>\u00d6ffnen Sie unsere Website in einem mobilen Browser.<\/li>\n<li>W\u00e4hlen Sie die Option \u201eZum Startbildschirm hinzuf\u00fcgen\u201d.<\/li>\n<li>Best\u00e4tigen Sie die Installation, um das App-Symbol zu erstellen.<\/li>\n<\/ol>\n<p>Die Installation erfordert keine zus\u00e4tzlichen Downloads aus externen Stores, da die App als sichere webbasierte L\u00f6sung funktioniert.<\/p>\n<p><img loading=\"lazy\" decoding=\"async\" class=\"alignnone size-full wp-image-2005\" src=\"https:\/\/thethorfortune.com\/wp-content\/uploads\/2026\/03\/Thorfortune-Android.webp\" alt=\"Thorfortune Android\" width=\"1248\" height=\"536\" srcset=\"https:\/\/thethorfortune.com\/wp-content\/uploads\/2026\/03\/Thorfortune-Android.webp 1248w, https:\/\/thethorfortune.com\/wp-content\/uploads\/2026\/03\/Thorfortune-Android-300x129.webp 300w, https:\/\/thethorfortune.com\/wp-content\/uploads\/2026\/03\/Thorfortune-Android-1024x440.webp 1024w, https:\/\/thethorfortune.com\/wp-content\/uploads\/2026\/03\/Thorfortune-Android-768x330.webp 768w\" sizes=\"(max-width: 1248px) 100vw, 1248px\" \/><\/p>\n<\/div><\/div><div style=\"clear: both\"><\/div><div class=\"d-flex justify-content-center\"><button data-item=\"decouvrez_link\" data-group=\"website_links\" class=\"goto fw-bold rounded-pill btn btn-orange\" aria-label=\"Thorfortune herunterladen\" >Thorfortune herunterladen<\/button><\/div><div class=\"scrollable-content-wrap my-5\"><div class=\"scrollable-content-inner\"><h2>Mobiler Zugriff auf iOS<\/h2>\n<p>F\u00fcr iOS-Nutzer ist das Thorfortune Mobile Casino sowohl \u00fcber den Browser als auch \u00fcber die PWA-Installation zug\u00e4nglich. Die Benutzeroberfl\u00e4che passt sich automatisch an die Bildschirmaufl\u00f6sung und -ausrichtung an. Online-Slots, Tischspiele und Live-Casino-Spiele werden in einem f\u00fcr Mobilger\u00e4te optimierten Format geladen, ohne dass dabei Funktionen, die auf dem Desktop verf\u00fcgbar sind, wegfallen.<\/p>\n<p>Die Registrierung, Ein- und Auszahlungen sowie die Aktivierung von Boni werden vollst\u00e4ndig innerhalb der Thorfortune-App unterst\u00fctzt. Benutzer k\u00f6nnen den Verifizierungsprozess auch direkt von ihrem Mobilger\u00e4t aus durchf\u00fchren, einschlie\u00dflich des Hochladens von Dokumenten, falls erforderlich.<\/p>\n<p>Der Installationsprozess entspricht den Standardschritten f\u00fcr die Einrichtung einer PWA und sorgt daf\u00fcr, dass das Thorfortune-Symbol innerhalb weniger Sekunden auf dem Startbildschirm angezeigt wird.<\/p>\n<p><img loading=\"lazy\" decoding=\"async\" class=\"alignnone size-full wp-image-2021\" src=\"https:\/\/thethorfortune.com\/wp-content\/uploads\/2026\/03\/Thorfortune-iOS.webp\" alt=\"Thorfortune iOS\" width=\"1248\" height=\"536\" srcset=\"https:\/\/thethorfortune.com\/wp-content\/uploads\/2026\/03\/Thorfortune-iOS.webp 1248w, https:\/\/thethorfortune.com\/wp-content\/uploads\/2026\/03\/Thorfortune-iOS-300x129.webp 300w, https:\/\/thethorfortune.com\/wp-content\/uploads\/2026\/03\/Thorfortune-iOS-1024x440.webp 1024w, https:\/\/thethorfortune.com\/wp-content\/uploads\/2026\/03\/Thorfortune-iOS-768x330.webp 768w\" sizes=\"(max-width: 1248px) 100vw, 1248px\" \/><\/p>\n<\/div><\/div><div style=\"clear: both\"><\/div><div class=\"d-flex justify-content-center\"><button data-item=\"decouvrez_link\" data-group=\"website_links\" class=\"goto fw-bold rounded-pill btn btn-orange\" aria-label=\"Laden Sie die Thorfortune-App herunter\" >Laden Sie die Thorfortune-App herunter<\/button><\/div><div class=\"scrollable-content-wrap my-5\"><div class=\"scrollable-content-inner\"><h2>Sicherheit und Datenschutz in der Thorfortune-App<\/h2>\n<p>Die Sicherheitsstandards im mobilen Casino von Thorfortune entsprechen denen, die auf Desktop-Computern gelten. Alle Sitzungen sind durch verschl\u00fcsselte Verbindungen gesch\u00fctzt, und die Anmeldedaten werden \u00fcber sichere Authentifizierungssysteme verarbeitet. Wir verwenden \u00dcberwachungstools, um ungew\u00f6hnliches Kontoverhalten zu erkennen und unbefugte Zugriffsversuche zu verhindern.<\/p>\n<p>Der Verifizierungsprozess ist vor der ersten Auszahlung obligatorisch und kann \u00fcber die mobile Benutzeroberfl\u00e4che durchgef\u00fchrt werden. Dadurch wird sichergestellt, dass Transaktionen gesch\u00fctzt bleiben und mit verifizierten Konten verkn\u00fcpft sind.<\/p>\n<p>Spieler, die Fragen zur Kontosicherheit oder zu Zahlungen haben, k\u00f6nnen sich jederzeit \u00fcber den Live-Chat an unser Support-Team wenden. Die Live-Chat-Funktion ist direkt in die App integriert, sodass Sie in Echtzeit Hilfe erhalten, ohne die Spielumgebung verlassen zu m\u00fcssen.<\/p>\n<h2>Desktop-Zugriff \u00fcber Thorfortune<\/h2>\n<p>Sie k\u00f6nnen ein nahtloses Erlebnis genie\u00dfen, indem Sie auf Ihrem PC oder Laptop bei Thorfortune spielen. Benutzer m\u00fcssen keine zus\u00e4tzliche Software installieren. Unsere Website ist in jedem modernen Browser verf\u00fcgbar. Um Zugriff auf alle verf\u00fcgbaren Funktionen zu erhalten, melden Sie sich bei Ihrem Konto an und beginnen Sie zu spielen.<\/p>\n<p>Wenn Sie mit einem Klick auf unsere Website zugreifen m\u00f6chten, k\u00f6nnen Sie ein Verkn\u00fcpfungssymbol auf Ihrem Desktop-Startbildschirm installieren. Dazu m\u00fcssen Sie die Seiteneinstellungen Ihres Browsers aufrufen. Wenn Sie Probleme bei der Installation des Thorfortune-Symbols haben, wenden Sie sich bitte per Live-Chat oder E-Mail an unseren Support.<\/p>\n<p><img loading=\"lazy\" decoding=\"async\" class=\"alignnone size-full wp-image-2013\" src=\"https:\/\/thethorfortune.com\/wp-content\/uploads\/2026\/03\/Thorfortune-Desktop.webp\" alt=\"Thorfortune Desktop\" width=\"1248\" height=\"536\" srcset=\"https:\/\/thethorfortune.com\/wp-content\/uploads\/2026\/03\/Thorfortune-Desktop.webp 1248w, https:\/\/thethorfortune.com\/wp-content\/uploads\/2026\/03\/Thorfortune-Desktop-300x129.webp 300w, https:\/\/thethorfortune.com\/wp-content\/uploads\/2026\/03\/Thorfortune-Desktop-1024x440.webp 1024w, https:\/\/thethorfortune.com\/wp-content\/uploads\/2026\/03\/Thorfortune-Desktop-768x330.webp 768w\" sizes=\"(max-width: 1248px) 100vw, 1248px\" \/><\/p>\n<\/div><\/div><div style=\"clear: both\"><\/div><div class=\"d-flex justify-content-center\"><button data-item=\"decouvrez_link\" data-group=\"website_links\" class=\"goto fw-bold rounded-pill btn btn-orange\" aria-label=\"Thorfortune herunterladen\" >Thorfortune herunterladen<\/button><\/div><div class=\"scrollable-content-wrap my-5\"><div class=\"scrollable-content-inner\"><h2>FAQ<\/h2>\n<h3>Kann ich Live-Casino-Spiele auf der Thorfortune-App spielen?<\/h3>\n<p>Ja. Die gesamte Spielbibliothek, einschlie\u00dflich Live-Casino-Spiele, ist \u00fcber das Thorfortune Mobile Casino verf\u00fcgbar. Alle Titel sind f\u00fcr Touch-Steuerung und kleinere Bildschirme optimiert.<\/p>\n<h3>Ist die Registrierung innerhalb der Thorfortune-App m\u00f6glich?<\/h3>\n<p>Ja. Neue Benutzer k\u00f6nnen direkt \u00fcber die App-Oberfl\u00e4che ein Konto erstellen. Vor der ersten Auszahlung muss der Verifizierungsprozess abgeschlossen werden.<\/p>\n<h3>Wie werden Updates gehandhabt?<\/h3>\n<p>Die Thorfortune-App funktioniert als Progressive Web App, d. h. Updates werden automatisch angewendet, wenn die Plattform aktualisiert wird. Es sind keine manuellen Downloads erforderlich.<\/p>\n<\/div><\/div><\/p>\n","protected":false},"excerpt":{"rendered":"<p>Thorfortune Mobile Plattform Die Thorfortune-App macht Ihr Erlebnis noch komfortabler, da sie mit allen modernen Ger\u00e4ten kompatibel ist und Ihnen das Spielen unterwegs erm\u00f6glicht. Egal, ob Sie ein Android- oder iOS-Smartphone besitzen, Sie profitieren von schnellen Ladezeiten und einem fl\u00fcssigen Spielverlauf. Alle Funktionen, das Design und die Navigation werden Ihnen vertraut sein, da sie der [&hellip;]<\/p>\n","protected":false},"author":1,"featured_media":0,"parent":0,"menu_order":0,"comment_status":"closed","ping_status":"closed","template":"template-builder.php","meta":{"_acf_changed":false,"inline_featured_image":false,"footnotes":""},"class_list":["post-1442","page","type-page","status-publish","hentry"],"acf":[],"yoast_head":"<!-- This site is optimized with the Yoast SEO plugin v24.4 - https:\/\/yoast.com\/wordpress\/plugins\/seo\/ -->\n<title>Thorfortune Casino App | Download f\u00fcr iOS und Android<\/title>\n<meta name=\"description\" content=\"Wo auch immer Sie hingehen, Ihre Lieblingsspiele begleiten Sie. Genie\u00dfen Sie Slots und Tischspiele auf der Thorfortune-App f\u00fcr iOS und Android.\" \/>\n<meta name=\"robots\" content=\"index, follow, max-snippet:-1, max-image-preview:large, max-video-preview:-1\" \/>\n<link rel=\"canonical\" href=\"https:\/\/thethorfortune.com\/de\/app\/\" \/>\n<meta property=\"og:locale\" content=\"de_DE\" \/>\n<meta property=\"og:type\" content=\"article\" \/>\n<meta property=\"og:title\" content=\"Thorfortune Casino App | Download f\u00fcr iOS und Android\" \/>\n<meta property=\"og:description\" content=\"Wo auch immer Sie hingehen, Ihre Lieblingsspiele begleiten Sie. Genie\u00dfen Sie Slots und Tischspiele auf der Thorfortune-App f\u00fcr iOS und Android.\" \/>\n<meta property=\"og:url\" content=\"https:\/\/thethorfortune.com\/de\/app\/\" \/>\n<meta property=\"og:site_name\" content=\"thorfortune\" \/>\n<meta property=\"article:modified_time\" content=\"2026-03-04T08:05:31+00:00\" \/>\n<meta name=\"twitter:card\" content=\"summary_large_image\" \/>\n<meta name=\"twitter:label1\" content=\"Gesch\u00e4tzte Lesezeit\" \/>\n\t<meta name=\"twitter:data1\" content=\"1\u00a0Minute\" \/>\n<script type=\"application\/ld+json\" class=\"yoast-schema-graph\">{\"@context\":\"https:\/\/schema.org\",\"@graph\":[{\"@type\":\"WebPage\",\"@id\":\"https:\/\/thethorfortune.com\/de\/app\/\",\"url\":\"https:\/\/thethorfortune.com\/de\/app\/\",\"name\":\"Thorfortune Casino App | Download f\u00fcr iOS und Android\",\"isPartOf\":{\"@id\":\"https:\/\/thethorfortune.com\/de\/#website\"},\"datePublished\":\"2026-01-20T12:08:23+00:00\",\"dateModified\":\"2026-03-04T08:05:31+00:00\",\"description\":\"Wo auch immer Sie hingehen, Ihre Lieblingsspiele begleiten Sie. Genie\u00dfen Sie Slots und Tischspiele auf der Thorfortune-App f\u00fcr iOS und Android.\",\"breadcrumb\":{\"@id\":\"https:\/\/thethorfortune.com\/de\/app\/#breadcrumb\"},\"inLanguage\":\"de\",\"potentialAction\":[{\"@type\":\"ReadAction\",\"target\":[\"https:\/\/thethorfortune.com\/de\/app\/\"]}]},{\"@type\":\"BreadcrumbList\",\"@id\":\"https:\/\/thethorfortune.com\/de\/app\/#breadcrumb\",\"itemListElement\":[{\"@type\":\"ListItem\",\"position\":1,\"name\":\"Thorfortune\",\"item\":\"https:\/\/thethorfortune.com\/de\/\"},{\"@type\":\"ListItem\",\"position\":2,\"name\":\"App\"}]},{\"@type\":\"WebSite\",\"@id\":\"https:\/\/thethorfortune.com\/de\/#website\",\"url\":\"https:\/\/thethorfortune.com\/de\/\",\"name\":\"Thorfortune\",\"description\":\"\",\"publisher\":{\"@id\":\"https:\/\/thethorfortune.com\/de\/#organization\"},\"potentialAction\":[{\"@type\":\"SearchAction\",\"target\":{\"@type\":\"EntryPoint\",\"urlTemplate\":\"https:\/\/thethorfortune.com\/de\/?s={search_term_string}\"},\"query-input\":{\"@type\":\"PropertyValueSpecification\",\"valueRequired\":true,\"valueName\":\"search_term_string\"}}],\"inLanguage\":\"de\"},{\"@type\":\"Organization\",\"@id\":\"https:\/\/thethorfortune.com\/de\/#organization\",\"name\":\"Thorfortune\",\"url\":\"https:\/\/thethorfortune.com\/de\/\",\"logo\":{\"@type\":\"ImageObject\",\"inLanguage\":\"de\",\"@id\":\"https:\/\/thethorfortune.com\/de\/#\/schema\/logo\/image\/\",\"url\":\"https:\/\/thethorfortune.com\/wp-content\/uploads\/2026\/03\/logo.png\",\"contentUrl\":\"https:\/\/thethorfortune.com\/wp-content\/uploads\/2026\/03\/logo.png\",\"width\":160,\"height\":37,\"caption\":\"Thorfortune\"},\"image\":{\"@id\":\"https:\/\/thethorfortune.com\/de\/#\/schema\/logo\/image\/\"}}]}<\/script>\n<!-- \/ Yoast SEO plugin. -->","yoast_head_json":{"title":"Thorfortune Casino App | Download f\u00fcr iOS und Android","description":"Wo auch immer Sie hingehen, Ihre Lieblingsspiele begleiten Sie. Genie\u00dfen Sie Slots und Tischspiele auf der Thorfortune-App f\u00fcr iOS und Android.","robots":{"index":"index","follow":"follow","max-snippet":"max-snippet:-1","max-image-preview":"max-image-preview:large","max-video-preview":"max-video-preview:-1"},"canonical":"https:\/\/thethorfortune.com\/de\/app\/","og_locale":"de_DE","og_type":"article","og_title":"Thorfortune Casino App | Download f\u00fcr iOS und Android","og_description":"Wo auch immer Sie hingehen, Ihre Lieblingsspiele begleiten Sie. Genie\u00dfen Sie Slots und Tischspiele auf der Thorfortune-App f\u00fcr iOS und Android.","og_url":"https:\/\/thethorfortune.com\/de\/app\/","og_site_name":"thorfortune","article_modified_time":"2026-03-04T08:05:31+00:00","twitter_card":"summary_large_image","twitter_misc":{"Gesch\u00e4tzte Lesezeit":"1\u00a0Minute"},"schema":{"@context":"https:\/\/schema.org","@graph":[{"@type":"WebPage","@id":"https:\/\/thethorfortune.com\/de\/app\/","url":"https:\/\/thethorfortune.com\/de\/app\/","name":"Thorfortune Casino App | Download f\u00fcr iOS und Android","isPartOf":{"@id":"https:\/\/thethorfortune.com\/de\/#website"},"datePublished":"2026-01-20T12:08:23+00:00","dateModified":"2026-03-04T08:05:31+00:00","description":"Wo auch immer Sie hingehen, Ihre Lieblingsspiele begleiten Sie. Genie\u00dfen Sie Slots und Tischspiele auf der Thorfortune-App f\u00fcr iOS und Android.","breadcrumb":{"@id":"https:\/\/thethorfortune.com\/de\/app\/#breadcrumb"},"inLanguage":"de","potentialAction":[{"@type":"ReadAction","target":["https:\/\/thethorfortune.com\/de\/app\/"]}]},{"@type":"BreadcrumbList","@id":"https:\/\/thethorfortune.com\/de\/app\/#breadcrumb","itemListElement":[{"@type":"ListItem","position":1,"name":"Thorfortune","item":"https:\/\/thethorfortune.com\/de\/"},{"@type":"ListItem","position":2,"name":"App"}]},{"@type":"WebSite","@id":"https:\/\/thethorfortune.com\/de\/#website","url":"https:\/\/thethorfortune.com\/de\/","name":"Thorfortune","description":"","publisher":{"@id":"https:\/\/thethorfortune.com\/de\/#organization"},"potentialAction":[{"@type":"SearchAction","target":{"@type":"EntryPoint","urlTemplate":"https:\/\/thethorfortune.com\/de\/?s={search_term_string}"},"query-input":{"@type":"PropertyValueSpecification","valueRequired":true,"valueName":"search_term_string"}}],"inLanguage":"de"},{"@type":"Organization","@id":"https:\/\/thethorfortune.com\/de\/#organization","name":"Thorfortune","url":"https:\/\/thethorfortune.com\/de\/","logo":{"@type":"ImageObject","inLanguage":"de","@id":"https:\/\/thethorfortune.com\/de\/#\/schema\/logo\/image\/","url":"https:\/\/thethorfortune.com\/wp-content\/uploads\/2026\/03\/logo.png","contentUrl":"https:\/\/thethorfortune.com\/wp-content\/uploads\/2026\/03\/logo.png","width":160,"height":37,"caption":"Thorfortune"},"image":{"@id":"https:\/\/thethorfortune.com\/de\/#\/schema\/logo\/image\/"}}]}},"_links":{"self":[{"href":"https:\/\/thethorfortune.com\/de\/wp-json\/wp\/v2\/pages\/1442"}],"collection":[{"href":"https:\/\/thethorfortune.com\/de\/wp-json\/wp\/v2\/pages"}],"about":[{"href":"https:\/\/thethorfortune.com\/de\/wp-json\/wp\/v2\/types\/page"}],"author":[{"embeddable":true,"href":"https:\/\/thethorfortune.com\/de\/wp-json\/wp\/v2\/users\/1"}],"replies":[{"embeddable":true,"href":"https:\/\/thethorfortune.com\/de\/wp-json\/wp\/v2\/comments?post=1442"}],"version-history":[{"count":3,"href":"https:\/\/thethorfortune.com\/de\/wp-json\/wp\/v2\/pages\/1442\/revisions"}],"predecessor-version":[{"id":2071,"href":"https:\/\/thethorfortune.com\/de\/wp-json\/wp\/v2\/pages\/1442\/revisions\/2071"}],"wp:attachment":[{"href":"https:\/\/thethorfortune.com\/de\/wp-json\/wp\/v2\/media?parent=1442"}],"curies":[{"name":"wp","href":"https:\/\/api.w.org\/{rel}","templated":true}]}}